{"id":115,"date":"2023-03-27T10:01:08","date_gmt":"2023-03-27T10:01:08","guid":{"rendered":"https:\/\/adoring-tesla.88-198-121-67.plesk.page\/?page_id=115"},"modified":"2026-04-30T14:07:07","modified_gmt":"2026-04-30T12:07:07","slug":"kontakt-und-anfahrt","status":"publish","type":"page","link":"https:\/\/www.grundschule-bhs.de\/?page_id=115","title":{"rendered":"Anfahrt"},"content":{"rendered":"\t\t<div data-elementor-type=\"wp-page\" data-elementor-id=\"115\" class=\"elementor elementor-115\">\n\t\t\t\t\t\t<section class=\"elementor-section elementor-top-section elementor-element elementor-element-8acd72a elementor-section-boxed elementor-section-height-default elementor-section-height-default\" data-id=\"8acd72a\" data-element_type=\"section\" data-e-type=\"section\">\n\t\t\t\t\t\t<div class=\"elementor-container elementor-column-gap-default\">\n\t\t\t\t\t<div class=\"elementor-column elementor-col-100 elementor-top-column elementor-element elementor-element-8d9585a\" data-id=\"8d9585a\" data-element_type=\"column\" data-e-type=\"column\">\n\t\t\t<div class=\"elementor-widget-wrap elementor-element-populated\">\n\t\t\t\t\t\t<div class=\"elementor-element elementor-element-dd75e1e elementor-widget elementor-widget-heading\" data-id=\"dd75e1e\" data-element_type=\"widget\" data-e-type=\"widget\" data-widget_type=\"heading.default\">\n\t\t\t\t<div class=\"elementor-widget-container\">\n\t\t\t\t\t<h2 class=\"elementor-heading-title elementor-size-default\"><span style=\"color: var( --e-global-color-primary );font-family: var( --e-global-typography-primary-font-family ), Sans-serif;font-size: 2rem;background-color: var(--ast-global-color-5)\"><b>Anfahrt Grundschule Biengen<\/b><\/span><\/h2>\t\t\t\t<\/div>\n\t\t\t\t<\/div>\n\t\t\t\t<div class=\"elementor-element elementor-element-a111a3b elementor-widget elementor-widget-image\" data-id=\"a111a3b\" data-element_type=\"widget\" data-e-type=\"widget\" data-widget_type=\"image.default\">\n\t\t\t\t<div class=\"elementor-widget-container\">\n\t\t\t\t\t\t\t\t\t\t\t\t<figure class=\"wp-caption\">\n\t\t\t\t\t\t\t\t\t\t<img fetchpriority=\"high\" decoding=\"async\" width=\"1024\" height=\"618\" src=\"https:\/\/www.grundschule-bhs.de\/wp-content\/uploads\/2026\/04\/Hauptstrasse-7-79189-Bad-Krozingen-Biengen-1024x618.jpg\" class=\"attachment-large size-large wp-image-2423\" alt=\"\" srcset=\"https:\/\/www.grundschule-bhs.de\/wp-content\/uploads\/2026\/04\/Hauptstrasse-7-79189-Bad-Krozingen-Biengen-1024x618.jpg 1024w, https:\/\/www.grundschule-bhs.de\/wp-content\/uploads\/2026\/04\/Hauptstrasse-7-79189-Bad-Krozingen-Biengen-300x181.jpg 300w, https:\/\/www.grundschule-bhs.de\/wp-content\/uploads\/2026\/04\/Hauptstrasse-7-79189-Bad-Krozingen-Biengen-768x463.jpg 768w, https:\/\/www.grundschule-bhs.de\/wp-content\/uploads\/2026\/04\/Hauptstrasse-7-79189-Bad-Krozingen-Biengen-1536x927.jpg 1536w, https:\/\/www.grundschule-bhs.de\/wp-content\/uploads\/2026\/04\/Hauptstrasse-7-79189-Bad-Krozingen-Biengen-2048x1236.jpg 2048w\" sizes=\"(max-width: 1024px) 100vw, 1024px\" \/>\t\t\t\t\t\t\t\t\t\t\t<figcaption class=\"widget-image-caption wp-caption-text\">Hauptstra\u00dfe 7, 79189 Bad Krozingen - Biengen\nQuelle: Geoportal BW<\/figcaption>\n\t\t\t\t\t\t\t\t\t\t<\/figure>\n\t\t\t\t\t\t\t\t\t<\/div>\n\t\t\t\t<\/div>\n\t\t\t\t\t<\/div>\n\t\t<\/div>\n\t\t\t\t\t<\/div>\n\t\t<\/section>\n\t\t\t\t<section class=\"elementor-section elementor-top-section elementor-element elementor-element-6aea67f elementor-section-boxed elementor-section-height-default elementor-section-height-default\" data-id=\"6aea67f\" data-element_type=\"section\" data-e-type=\"section\">\n\t\t\t\t\t\t<div class=\"elementor-container elementor-column-gap-default\">\n\t\t\t\t\t<div class=\"elementor-column elementor-col-100 elementor-top-column elementor-element elementor-element-a6ebbb9\" data-id=\"a6ebbb9\" data-element_type=\"column\" data-e-type=\"column\">\n\t\t\t<div class=\"elementor-widget-wrap elementor-element-populated\">\n\t\t\t\t\t\t<div class=\"elementor-element elementor-element-dc97974 elementor-widget elementor-widget-heading\" data-id=\"dc97974\" data-element_type=\"widget\" data-e-type=\"widget\" data-widget_type=\"heading.default\">\n\t\t\t\t<div class=\"elementor-widget-container\">\n\t\t\t\t\t<h2 class=\"elementor-heading-title elementor-size-default\">Anfahrt Grundschule Schlatt<\/h2>\t\t\t\t<\/div>\n\t\t\t\t<\/div>\n\t\t\t\t\t<\/div>\n\t\t<\/div>\n\t\t\t\t\t<\/div>\n\t\t<\/section>\n\t\t\t\t<section class=\"elementor-section elementor-top-section elementor-element elementor-element-6861c94 elementor-section-boxed elementor-section-height-default elementor-section-height-default\" data-id=\"6861c94\" data-element_type=\"section\" data-e-type=\"section\">\n\t\t\t\t\t\t<div class=\"elementor-container elementor-column-gap-default\">\n\t\t\t\t\t<div class=\"elementor-column elementor-col-100 elementor-top-column elementor-element elementor-element-b0b9647\" data-id=\"b0b9647\" data-element_type=\"column\" data-e-type=\"column\">\n\t\t\t<div class=\"elementor-widget-wrap elementor-element-populated\">\n\t\t\t\t\t\t<div class=\"elementor-element elementor-element-70e187d elementor-widget elementor-widget-image\" data-id=\"70e187d\" data-element_type=\"widget\" data-e-type=\"widget\" data-widget_type=\"image.default\">\n\t\t\t\t<div class=\"elementor-widget-container\">\n\t\t\t\t\t\t\t\t\t\t\t\t<figure class=\"wp-caption\">\n\t\t\t\t\t\t\t\t\t\t<img decoding=\"async\" width=\"1024\" height=\"618\" src=\"https:\/\/www.grundschule-bhs.de\/wp-content\/uploads\/2026\/04\/Quellenstrasse-10a-79189-Bad-Krozingen-Schlatt-1024x618.jpg\" class=\"attachment-large size-large wp-image-2424\" alt=\"\" srcset=\"https:\/\/www.grundschule-bhs.de\/wp-content\/uploads\/2026\/04\/Quellenstrasse-10a-79189-Bad-Krozingen-Schlatt-1024x618.jpg 1024w, https:\/\/www.grundschule-bhs.de\/wp-content\/uploads\/2026\/04\/Quellenstrasse-10a-79189-Bad-Krozingen-Schlatt-300x181.jpg 300w, https:\/\/www.grundschule-bhs.de\/wp-content\/uploads\/2026\/04\/Quellenstrasse-10a-79189-Bad-Krozingen-Schlatt-768x463.jpg 768w, https:\/\/www.grundschule-bhs.de\/wp-content\/uploads\/2026\/04\/Quellenstrasse-10a-79189-Bad-Krozingen-Schlatt-1536x927.jpg 1536w, https:\/\/www.grundschule-bhs.de\/wp-content\/uploads\/2026\/04\/Quellenstrasse-10a-79189-Bad-Krozingen-Schlatt-2048x1236.jpg 2048w\" sizes=\"(max-width: 1024px) 100vw, 1024px\" \/>\t\t\t\t\t\t\t\t\t\t\t<figcaption class=\"widget-image-caption wp-caption-text\">Quellenstra\u00dfe 10a, 79189 Bad Krozingen - Schlatt\nQuelle: Geoportal BW<\/figcaption>\n\t\t\t\t\t\t\t\t\t\t<\/figure>\n\t\t\t\t\t\t\t\t\t<\/div>\n\t\t\t\t<\/div>\n\t\t\t\t\t<\/div>\n\t\t<\/div>\n\t\t\t\t\t<\/div>\n\t\t<\/section>\n\t\t\t\t<section class=\"elementor-section elementor-top-section elementor-element elementor-element-0bec470 elementor-section-boxed elementor-section-height-default elementor-section-height-default\" data-id=\"0bec470\" data-element_type=\"section\" data-e-type=\"section\">\n\t\t\t\t\t\t<div class=\"elementor-container elementor-column-gap-default\">\n\t\t\t\t\t<div class=\"elementor-column elementor-col-100 elementor-top-column elementor-element elementor-element-d103622\" data-id=\"d103622\" data-element_type=\"column\" data-e-type=\"column\">\n\t\t\t<div class=\"elementor-widget-wrap elementor-element-populated\">\n\t\t\t\t\t\t<div class=\"elementor-element elementor-element-1652e5c elementor-widget elementor-widget-heading\" data-id=\"1652e5c\" data-element_type=\"widget\" data-e-type=\"widget\" data-widget_type=\"heading.default\">\n\t\t\t\t<div class=\"elementor-widget-container\">\n\t\t\t\t\t<h2 class=\"elementor-heading-title elementor-size-default\">Anfahrt Grundschule Hausen<\/h2>\t\t\t\t<\/div>\n\t\t\t\t<\/div>\n\t\t\t\t\t<\/div>\n\t\t<\/div>\n\t\t\t\t\t<\/div>\n\t\t<\/section>\n\t\t\t\t<section class=\"elementor-section elementor-top-section elementor-element elementor-element-f314274 elementor-section-boxed elementor-section-height-default elementor-section-height-default\" data-id=\"f314274\" data-element_type=\"section\" data-e-type=\"section\">\n\t\t\t\t\t\t<div class=\"elementor-container elementor-column-gap-default\">\n\t\t\t\t\t<div class=\"elementor-column elementor-col-100 elementor-top-column elementor-element elementor-element-0095c60\" data-id=\"0095c60\" data-element_type=\"column\" data-e-type=\"column\">\n\t\t\t<div class=\"elementor-widget-wrap elementor-element-populated\">\n\t\t\t\t\t\t<div class=\"elementor-element elementor-element-b0b3ac4 elementor-widget elementor-widget-image\" data-id=\"b0b3ac4\" data-element_type=\"widget\" data-e-type=\"widget\" data-widget_type=\"image.default\">\n\t\t\t\t<div class=\"elementor-widget-container\">\n\t\t\t\t\t\t\t\t\t\t\t\t<figure class=\"wp-caption\">\n\t\t\t\t\t\t\t\t\t\t<img decoding=\"async\" width=\"1024\" height=\"618\" src=\"https:\/\/www.grundschule-bhs.de\/wp-content\/uploads\/2026\/04\/Tunibergstrasse-16-79189-Bad-Krozingen-Hausen-1024x618.jpg\" class=\"attachment-large size-large wp-image-2425\" alt=\"\" srcset=\"https:\/\/www.grundschule-bhs.de\/wp-content\/uploads\/2026\/04\/Tunibergstrasse-16-79189-Bad-Krozingen-Hausen-1024x618.jpg 1024w, https:\/\/www.grundschule-bhs.de\/wp-content\/uploads\/2026\/04\/Tunibergstrasse-16-79189-Bad-Krozingen-Hausen-300x181.jpg 300w, https:\/\/www.grundschule-bhs.de\/wp-content\/uploads\/2026\/04\/Tunibergstrasse-16-79189-Bad-Krozingen-Hausen-768x463.jpg 768w, https:\/\/www.grundschule-bhs.de\/wp-content\/uploads\/2026\/04\/Tunibergstrasse-16-79189-Bad-Krozingen-Hausen-1536x927.jpg 1536w, https:\/\/www.grundschule-bhs.de\/wp-content\/uploads\/2026\/04\/Tunibergstrasse-16-79189-Bad-Krozingen-Hausen-2048x1236.jpg 2048w\" sizes=\"(max-width: 1024px) 100vw, 1024px\" \/>\t\t\t\t\t\t\t\t\t\t\t<figcaption class=\"widget-image-caption wp-caption-text\">Tunibergstra\u00dfe 16, 79189 Bad Krozingen - Hausen\nQuelle: Geoportal BW<\/figcaption>\n\t\t\t\t\t\t\t\t\t\t<\/figure>\n\t\t\t\t\t\t\t\t\t<\/div>\n\t\t\t\t<\/div>\n\t\t\t\t\t<\/div>\n\t\t<\/div>\n\t\t\t\t\t<\/div>\n\t\t<\/section>\n\t\t\t\t<\/div>\n\t\t","protected":false},"excerpt":{"rendered":"<p>Anfahrt Grundschule Biengen Hauptstra\u00dfe 7, 79189 Bad Krozingen &#8211; Biengen Quelle: Geoportal BW Anfahrt Grundschule Schlatt Quellenstra\u00dfe 10a, 79189 Bad Krozingen &#8211; Schlatt Quelle: Geoportal BW Anfahrt Grundschule Hausen Tunibergstra\u00dfe [&hellip;]<\/p>\n","protected":false},"author":1,"featured_media":0,"parent":0,"menu_order":0,"comment_status":"closed","ping_status":"closed","template":"","meta":{"site-sidebar-layout":"no-sidebar","site-content-layout":"page-builder","ast-site-content-layout":"full-width-container","site-content-style":"unboxed","site-sidebar-style":"unboxed","ast-global-header-display":"","ast-banner-title-visibility":"","ast-main-header-display":"","ast-hfb-above-header-display":"","ast-hfb-below-header-display":"","ast-hfb-mobile-header-display":"","site-post-title":"disabled","ast-breadcrumbs-content":"","ast-featured-img":"disabled","footer-sml-layout":"","ast-disable-related-posts":"","theme-transparent-header-meta":"","adv-header-id-meta":"","stick-header-meta":"","header-above-stick-meta":"","header-main-stick-meta":"","header-below-stick-meta":"","astra-migrate-meta-layouts":"set","ast-page-background-enabled":"default","ast-page-background-meta":{"desktop":{"background-color":"var(--ast-global-color-4)","background-image":"","background-repeat":"repeat","background-position":"center center","background-size":"auto","background-attachment":"scroll","background-type":"","background-media":"","overlay-type":"","overlay-color":"","overlay-opacity":"","overlay-gradient":""},"tablet":{"background-color":"","background-image":"","background-repeat":"repeat","background-position":"center center","background-size":"auto","background-attachment":"scroll","background-type":"","background-media":"","overlay-type":"","overlay-color":"","overlay-opacity":"","overlay-gradient":""},"mobile":{"background-color":"","background-image":"","background-repeat":"repeat","background-position":"center center","background-size":"auto","background-attachment":"scroll","background-type":"","background-media":"","overlay-type":"","overlay-color":"","overlay-opacity":"","overlay-gradient":""}},"ast-content-background-meta":{"desktop":{"background-color":"var(--ast-global-color-5)","background-image":"","background-repeat":"repeat","background-position":"center center","background-size":"auto","background-attachment":"scroll","background-type":"","background-media":"","overlay-type":"","overlay-color":"","overlay-opacity":"","overlay-gradient":""},"tablet":{"background-color":"var(--ast-global-color-5)","background-image":"","background-repeat":"repeat","background-position":"center center","background-size":"auto","background-attachment":"scroll","background-type":"","background-media":"","overlay-type":"","overlay-color":"","overlay-opacity":"","overlay-gradient":""},"mobile":{"background-color":"var(--ast-global-color-5)","background-image":"","background-repeat":"repeat","background-position":"center center","background-size":"auto","background-attachment":"scroll","background-type":"","background-media":"","overlay-type":"","overlay-color":"","overlay-opacity":"","overlay-gradient":""}},"footnotes":""},"class_list":["post-115","page","type-page","status-publish","hentry"],"_links":{"self":[{"href":"https:\/\/www.grundschule-bhs.de\/index.php?rest_route=\/wp\/v2\/pages\/115","targetHints":{"allow":["GET"]}}],"collection":[{"href":"https:\/\/www.grundschule-bhs.de\/index.php?rest_route=\/wp\/v2\/pages"}],"about":[{"href":"https:\/\/www.grundschule-bhs.de\/index.php?rest_route=\/wp\/v2\/types\/page"}],"author":[{"embeddable":true,"href":"https:\/\/www.grundschule-bhs.de\/index.php?rest_route=\/wp\/v2\/users\/1"}],"replies":[{"embeddable":true,"href":"https:\/\/www.grundschule-bhs.de\/index.php?rest_route=%2Fwp%2Fv2%2Fcomments&post=115"}],"version-history":[{"count":51,"href":"https:\/\/www.grundschule-bhs.de\/index.php?rest_route=\/wp\/v2\/pages\/115\/revisions"}],"predecessor-version":[{"id":2435,"href":"https:\/\/www.grundschule-bhs.de\/index.php?rest_route=\/wp\/v2\/pages\/115\/revisions\/2435"}],"wp:attachment":[{"href":"https:\/\/www.grundschule-bhs.de\/index.php?rest_route=%2Fwp%2Fv2%2Fmedia&parent=115"}],"curies":[{"name":"wp","href":"https:\/\/api.w.org\/{rel}","templated":true}]}}