{"id":123,"date":"2023-03-27T10:07:28","date_gmt":"2023-03-27T10:07:28","guid":{"rendered":"https:\/\/adoring-tesla.88-198-121-67.plesk.page\/?page_id=123"},"modified":"2023-07-31T10:49:11","modified_gmt":"2023-07-31T08:49:11","slug":"leitgedanke","status":"publish","type":"page","link":"https:\/\/www.grundschule-bhs.de\/?page_id=123","title":{"rendered":"Leitgedanken"},"content":{"rendered":"\t\t<div data-elementor-type=\"wp-page\" data-elementor-id=\"123\" class=\"elementor elementor-123\">\n\t\t\t\t\t\t<section class=\"elementor-section elementor-top-section elementor-element elementor-element-8d0d68d elementor-section-boxed elementor-section-height-default elementor-section-height-default\" data-id=\"8d0d68d\" data-element_type=\"section\" data-e-type=\"section\">\n\t\t\t\t\t\t<div class=\"elementor-container elementor-column-gap-default\">\n\t\t\t\t\t<div class=\"elementor-column elementor-col-100 elementor-top-column elementor-element elementor-element-3e2f722\" data-id=\"3e2f722\" data-element_type=\"column\" data-e-type=\"column\">\n\t\t\t<div class=\"elementor-widget-wrap elementor-element-populated\">\n\t\t\t\t\t\t<div class=\"elementor-element elementor-element-ddd22c1 elementor-widget elementor-widget-heading\" data-id=\"ddd22c1\" data-element_type=\"widget\" data-e-type=\"widget\" data-widget_type=\"heading.default\">\n\t\t\t\t<div class=\"elementor-widget-container\">\n\t\t\t\t\t<h2 class=\"elementor-heading-title elementor-size-default\">Unsere Leitgedanken<\/h2>\t\t\t\t<\/div>\n\t\t\t\t<\/div>\n\t\t\t\t\t<\/div>\n\t\t<\/div>\n\t\t\t\t\t<\/div>\n\t\t<\/section>\n\t\t\t\t<section class=\"elementor-section elementor-top-section elementor-element elementor-element-52dba39 elementor-section-boxed elementor-section-height-default elementor-section-height-default\" data-id=\"52dba39\" data-element_type=\"section\" data-e-type=\"section\">\n\t\t\t\t\t\t<div class=\"elementor-container elementor-column-gap-default\">\n\t\t\t\t\t<div class=\"elementor-column elementor-col-100 elementor-top-column elementor-element elementor-element-73a63bc\" data-id=\"73a63bc\" data-element_type=\"column\" data-e-type=\"column\">\n\t\t\t<div class=\"elementor-widget-wrap elementor-element-populated\">\n\t\t\t\t\t\t<div class=\"elementor-element elementor-element-96db08a elementor-widget elementor-widget-image\" data-id=\"96db08a\" data-element_type=\"widget\" data-e-type=\"widget\" data-widget_type=\"image.default\">\n\t\t\t\t<div class=\"elementor-widget-container\">\n\t\t\t\t\t\t\t\t\t\t\t\t\t\t\t<img fetchpriority=\"high\" decoding=\"async\" width=\"2560\" height=\"1810\" src=\"https:\/\/www.grundschule-bhs.de\/wp-content\/uploads\/2023\/07\/Leitbild_GS-Biengen-scaled.jpg\" class=\"attachment-full size-full wp-image-1183\" alt=\"\" srcset=\"https:\/\/www.grundschule-bhs.de\/wp-content\/uploads\/2023\/07\/Leitbild_GS-Biengen-scaled.jpg 2560w, https:\/\/www.grundschule-bhs.de\/wp-content\/uploads\/2023\/07\/Leitbild_GS-Biengen-300x212.jpg 300w, https:\/\/www.grundschule-bhs.de\/wp-content\/uploads\/2023\/07\/Leitbild_GS-Biengen-1024x724.jpg 1024w, https:\/\/www.grundschule-bhs.de\/wp-content\/uploads\/2023\/07\/Leitbild_GS-Biengen-768x543.jpg 768w, https:\/\/www.grundschule-bhs.de\/wp-content\/uploads\/2023\/07\/Leitbild_GS-Biengen-1536x1086.jpg 1536w, https:\/\/www.grundschule-bhs.de\/wp-content\/uploads\/2023\/07\/Leitbild_GS-Biengen-2048x1448.jpg 2048w\" sizes=\"(max-width: 2560px) 100vw, 2560px\" \/>\t\t\t\t\t\t\t\t\t\t\t\t\t\t\t<\/div>\n\t\t\t\t<\/div>\n\t\t\t\t\t<\/div>\n\t\t<\/div>\n\t\t\t\t\t<\/div>\n\t\t<\/section>\n\t\t\t\t<section class=\"elementor-section elementor-top-section elementor-element elementor-element-1719b03 elementor-section-boxed elementor-section-height-default elementor-section-height-default\" data-id=\"1719b03\" data-element_type=\"section\" data-e-type=\"section\">\n\t\t\t\t\t\t<div class=\"elementor-container elementor-column-gap-default\">\n\t\t\t\t\t<div class=\"elementor-column elementor-col-50 elementor-top-column elementor-element elementor-element-8c2126e\" data-id=\"8c2126e\" data-element_type=\"column\" data-e-type=\"column\">\n\t\t\t<div class=\"elementor-widget-wrap elementor-element-populated\">\n\t\t\t\t\t\t<div class=\"elementor-element elementor-element-b375d35 elementor-widget elementor-widget-text-editor\" data-id=\"b375d35\" data-element_type=\"widget\" data-e-type=\"widget\" data-widget_type=\"text-editor.default\">\n\t\t\t\t<div class=\"elementor-widget-container\">\n\t\t\t\t\t\t\t\t\t<h3>Soziales Miteinander<\/h3><p>Mit den Schlagw\u00f6rtern &#8222;friedlich, freundlich, langsam, leise&#8220; verfolgen wir das Ziel, dass sich jede:r Einzelne an unserer Schule wohl f\u00fchlt, um darauf aufbauend eine bestm\u00f6gliche Lernentwicklung zu erleben. Werte vermitteln und Verantwortung \u00fcbernehmen wird von Anfang an vorgelebt und eingefordert.<\/p>\t\t\t\t\t\t\t\t<\/div>\n\t\t\t\t<\/div>\n\t\t\t\t<div class=\"elementor-element elementor-element-093dee8 elementor-widget elementor-widget-text-editor\" data-id=\"093dee8\" data-element_type=\"widget\" data-e-type=\"widget\" data-widget_type=\"text-editor.default\">\n\t\t\t\t<div class=\"elementor-widget-container\">\n\t\t\t\t\t\t\t\t\t<h3>Lesef\u00f6rderung<\/h3><p>An unserer Schule erhalten alle Kinder eine intensive F\u00f6rderung ihrer Lesekompetenz. Lese- und Vorlesezeiten sind fest in den Unterrichtsalltag integriert. <span style=\"color: #ffffff;\">Lorem ipsum dolor sit amet, consectetur adipisici elit, sed eiusmod tempor incidunt ut labore et dolore magna aliqua.<\/span><\/p>\t\t\t\t\t\t\t\t<\/div>\n\t\t\t\t<\/div>\n\t\t\t\t<div class=\"elementor-element elementor-element-490a629 elementor-widget elementor-widget-text-editor\" data-id=\"490a629\" data-element_type=\"widget\" data-e-type=\"widget\" data-widget_type=\"text-editor.default\">\n\t\t\t\t<div class=\"elementor-widget-container\">\n\t\t\t\t\t\t\t\t\t<h3><span style=\"color: var(--ast-global-color-2); font-size: 1.625rem; font-style: inherit; font-family: var( --e-global-typography-text-font-family ), Sans-serif; background-color: var(--ast-global-color-5);\">Digitales Lernen<\/span><\/h3><p>Die Verbindung der analogen und digitalen Welt zur optimalen F\u00f6rderung und Forderung einzelner Sch\u00fcler:innen ist ein wichtiges Ziel, das an unserer Grundschule verfolgt wird. Dazu geh\u00f6rt im Rahmen des iPad-F\u00fchrerscheins der sichere Umgang mit den eigenen Daten, gesicherte Recherche, aber auch die datengest\u00fctzte Diagnostik im individuellen Lernprozess. Das Tablet wird an unserer Schule als Lern- und Arbeitsmedium eingesetzt.<\/p>\t\t\t\t\t\t\t\t<\/div>\n\t\t\t\t<\/div>\n\t\t\t\t\t<\/div>\n\t\t<\/div>\n\t\t\t\t<div class=\"elementor-column elementor-col-50 elementor-top-column elementor-element elementor-element-71e8d4e\" data-id=\"71e8d4e\" data-element_type=\"column\" data-e-type=\"column\">\n\t\t\t<div class=\"elementor-widget-wrap elementor-element-populated\">\n\t\t\t\t\t\t<div class=\"elementor-element elementor-element-93af76d elementor-widget elementor-widget-text-editor\" data-id=\"93af76d\" data-element_type=\"widget\" data-e-type=\"widget\" data-widget_type=\"text-editor.default\">\n\t\t\t\t<div class=\"elementor-widget-container\">\n\t\t\t\t\t\t\t\t\t<h3>Kooperation<\/h3><p>Ein wichtiger Baustein unserer Arbeit ist die Kooperation. Angefangen mit der Kooperation mit den \u00f6rtlichen Kinderg\u00e4rten, \u00fcber die diversen \u00f6rtlichen Vereine wie Musikvereine, Sportvereine oder Freiwillige Feuerwehr, bis hin zu kooperativen Lernformen innerhalb des Unterrichts, stellt Kooperation einen essentiellen und vielf\u00e4ltigen Teil unserer t\u00e4glichen Arbeit dar.<\/p>\t\t\t\t\t\t\t\t<\/div>\n\t\t\t\t<\/div>\n\t\t\t\t<div class=\"elementor-element elementor-element-7ca1e8c elementor-widget elementor-widget-text-editor\" data-id=\"7ca1e8c\" data-element_type=\"widget\" data-e-type=\"widget\" data-widget_type=\"text-editor.default\">\n\t\t\t\t<div class=\"elementor-widget-container\">\n\t\t\t\t\t\t\t\t\t<h3>Gesunde Ern\u00e4hrung<\/h3><p>Gesunde Ern\u00e4hrung ist uns wichtig. Wir nehmen seit dem Schuljahr 2023\/24 an dem EU-Schulobstprojekt teil. J\u00e4hrlich finden an allen drei Schulh\u00e4usern Gesundheitstage rund um die Themen Bewegung und gesunde Ern\u00e4hrung statt.<\/p>\t\t\t\t\t\t\t\t<\/div>\n\t\t\t\t<\/div>\n\t\t\t\t<div class=\"elementor-element elementor-element-4371b2f elementor-widget elementor-widget-text-editor\" data-id=\"4371b2f\" data-element_type=\"widget\" data-e-type=\"widget\" data-widget_type=\"text-editor.default\">\n\t\t\t\t<div class=\"elementor-widget-container\">\n\t\t\t\t\t\t\t\t\t<h3>Bildungspartnerschaft<\/h3><p>F\u00fcr die Entwicklung der Kinder ist eine Zusammenarbeit auf Augenh\u00f6he zwischen Erziehungsberechtigten und Schule von hoher Bedeutung. Transparenz spielt dabei eine wichtige Rolle, die uns sehr wichtig ist. Ein wichtiger Baustein ist der regelm\u00e4\u00dfige Austausch, um die bestm\u00f6gliche L\u00f6sung f\u00fcr das einzelne Kind zu finden.<\/p>\t\t\t\t\t\t\t\t<\/div>\n\t\t\t\t<\/div>\n\t\t\t\t\t<\/div>\n\t\t<\/div>\n\t\t\t\t\t<\/div>\n\t\t<\/section>\n\t\t\t\t<\/div>\n\t\t","protected":false},"excerpt":{"rendered":"<p>Unsere Leitgedanken Soziales Miteinander Mit den Schlagw\u00f6rtern &#8222;friedlich, freundlich, langsam, leise&#8220; verfolgen wir das Ziel, dass sich jede:r Einzelne an unserer Schule wohl f\u00fchlt, um darauf aufbauend eine bestm\u00f6gliche Lernentwicklung [&hellip;]<\/p>\n","protected":false},"author":1,"featured_media":0,"parent":0,"menu_order":0,"comment_status":"closed","ping_status":"closed","template":"","meta":{"site-sidebar-layout":"no-sidebar","site-content-layout":"page-builder","ast-site-content-layout":"default","site-content-style":"default","site-sidebar-style":"default","ast-global-header-display":"","ast-banner-title-visibility":"","ast-main-header-display":"","ast-hfb-above-header-display":"","ast-hfb-below-header-display":"","ast-hfb-mobile-header-display":"","site-post-title":"disabled","ast-breadcrumbs-content":"","ast-featured-img":"disabled","footer-sml-layout":"","ast-disable-related-posts":"","theme-transparent-header-meta":"","adv-header-id-meta":"","stick-header-meta":"","header-above-stick-meta":"","header-main-stick-meta":"","header-below-stick-meta":"","astra-migrate-meta-layouts":"default","ast-page-background-enabled":"default","ast-page-background-meta":{"desktop":{"background-color":"var(--ast-global-color-4)","background-image":"","background-repeat":"repeat","background-position":"center center","background-size":"auto","background-attachment":"scroll","background-type":"","background-media":"","overlay-type":"","overlay-color":"","overlay-opacity":"","overlay-gradient":""},"tablet":{"background-color":"","background-image":"","background-repeat":"repeat","background-position":"center center","background-size":"auto","background-attachment":"scroll","background-type":"","background-media":"","overlay-type":"","overlay-color":"","overlay-opacity":"","overlay-gradient":""},"mobile":{"background-color":"","background-image":"","background-repeat":"repeat","background-position":"center center","background-size":"auto","background-attachment":"scroll","background-type":"","background-media":"","overlay-type":"","overlay-color":"","overlay-opacity":"","overlay-gradient":""}},"ast-content-background-meta":{"desktop":{"background-color":"var(--ast-global-color-5)","background-image":"","background-repeat":"repeat","background-position":"center center","background-size":"auto","background-attachment":"scroll","background-type":"","background-media":"","overlay-type":"","overlay-color":"","overlay-opacity":"","overlay-gradient":""},"tablet":{"background-color":"var(--ast-global-color-5)","background-image":"","background-repeat":"repeat","background-position":"center center","background-size":"auto","background-attachment":"scroll","background-type":"","background-media":"","overlay-type":"","overlay-color":"","overlay-opacity":"","overlay-gradient":""},"mobile":{"background-color":"var(--ast-global-color-5)","background-image":"","background-repeat":"repeat","background-position":"center center","background-size":"auto","background-attachment":"scroll","background-type":"","background-media":"","overlay-type":"","overlay-color":"","overlay-opacity":"","overlay-gradient":""}},"footnotes":""},"class_list":["post-123","page","type-page","status-publish","hentry"],"_links":{"self":[{"href":"https:\/\/www.grundschule-bhs.de\/index.php?rest_route=\/wp\/v2\/pages\/123","targetHints":{"allow":["GET"]}}],"collection":[{"href":"https:\/\/www.grundschule-bhs.de\/index.php?rest_route=\/wp\/v2\/pages"}],"about":[{"href":"https:\/\/www.grundschule-bhs.de\/index.php?rest_route=\/wp\/v2\/types\/page"}],"author":[{"embeddable":true,"href":"https:\/\/www.grundschule-bhs.de\/index.php?rest_route=\/wp\/v2\/users\/1"}],"replies":[{"embeddable":true,"href":"https:\/\/www.grundschule-bhs.de\/index.php?rest_route=%2Fwp%2Fv2%2Fcomments&post=123"}],"version-history":[{"count":32,"href":"https:\/\/www.grundschule-bhs.de\/index.php?rest_route=\/wp\/v2\/pages\/123\/revisions"}],"predecessor-version":[{"id":1268,"href":"https:\/\/www.grundschule-bhs.de\/index.php?rest_route=\/wp\/v2\/pages\/123\/revisions\/1268"}],"wp:attachment":[{"href":"https:\/\/www.grundschule-bhs.de\/index.php?rest_route=%2Fwp%2Fv2%2Fmedia&parent=123"}],"curies":[{"name":"wp","href":"https:\/\/api.w.org\/{rel}","templated":true}]}}