{"id":1823,"date":"2024-09-26T15:20:16","date_gmt":"2024-09-26T13:20:16","guid":{"rendered":"https:\/\/www.grundschule-bhs.de\/?page_id=1823"},"modified":"2024-09-26T15:30:44","modified_gmt":"2024-09-26T13:30:44","slug":"sinus-projekt","status":"publish","type":"page","link":"https:\/\/www.grundschule-bhs.de\/?page_id=1823","title":{"rendered":"SINUS Profil Grundschule"},"content":{"rendered":"\t\t<div data-elementor-type=\"wp-page\" data-elementor-id=\"1823\" class=\"elementor elementor-1823\">\n\t\t\t\t\t\t<section class=\"elementor-section elementor-top-section elementor-element elementor-element-78c2d13 elementor-section-boxed elementor-section-height-default elementor-section-height-default\" data-id=\"78c2d13\" data-element_type=\"section\" data-e-type=\"section\">\n\t\t\t\t\t\t<div class=\"elementor-container elementor-column-gap-default\">\n\t\t\t\t\t<div class=\"elementor-column elementor-col-100 elementor-top-column elementor-element elementor-element-9598113\" data-id=\"9598113\" data-element_type=\"column\" data-e-type=\"column\">\n\t\t\t<div class=\"elementor-widget-wrap elementor-element-populated\">\n\t\t\t\t\t\t<div class=\"elementor-element elementor-element-bd122e5 elementor-widget elementor-widget-heading\" data-id=\"bd122e5\" data-element_type=\"widget\" data-e-type=\"widget\" data-widget_type=\"heading.default\">\n\t\t\t\t<div class=\"elementor-widget-container\">\n\t\t\t\t\t<h2 class=\"elementor-heading-title elementor-size-default\">SINUS Profil Grundschule<\/h2>\t\t\t\t<\/div>\n\t\t\t\t<\/div>\n\t\t\t\t\t<\/div>\n\t\t<\/div>\n\t\t\t\t\t<\/div>\n\t\t<\/section>\n\t\t\t\t<section class=\"elementor-section elementor-top-section elementor-element elementor-element-e94bf11 elementor-section-boxed elementor-section-height-default elementor-section-height-default\" data-id=\"e94bf11\" data-element_type=\"section\" data-e-type=\"section\">\n\t\t\t\t\t\t<div class=\"elementor-container elementor-column-gap-default\">\n\t\t\t\t\t<div class=\"elementor-column elementor-col-100 elementor-top-column elementor-element elementor-element-beab7f8\" data-id=\"beab7f8\" data-element_type=\"column\" data-e-type=\"column\">\n\t\t\t<div class=\"elementor-widget-wrap elementor-element-populated\">\n\t\t\t\t\t\t<div class=\"elementor-element elementor-element-cef3c9d elementor-widget elementor-widget-text-editor\" data-id=\"cef3c9d\" data-element_type=\"widget\" data-e-type=\"widget\" data-widget_type=\"text-editor.default\">\n\t\t\t\t<div class=\"elementor-widget-container\">\n\t\t\t\t\t\t\t\t\t<p>Wir sind seit dem Schuljahr 2024\/25 SINUS Profil Grundschule.<\/p><div class=\"page\" title=\"Page 2\"><div class=\"section\"><div class=\"layoutArea\"><div class=\"column\"><p>An jeder SINUS-Profil-Mathematik-Grundschule engagieren sich mindestens zwei Lehrkra\u0308fte. Sie werden von der Schulleitung bei der Umsetzung unterstu\u0308tzt. Ziel ist es gemeinsam \u201eGute Aufgaben\u201c zu bilden, die besonders das probleml\u00f6sende Denken und Begr\u00fcnden der eigenen L\u00f6sungen f\u00f6rdern soll. Diese sind ein wichtiges Element unseres Mathematikunterrichts.<\/p><div class=\"page\" title=\"Page 2\"><div class=\"section\"><div class=\"layoutArea\"><div class=\"column\"><p>Im Fokus der SINUS Grundschulen stehen die Fragen: \u201eWas ko\u0308nnen die Kinder bereits?\u201c, \u201eWas haben die Kinder gelernt?\u201c und \u201eWie lernen sie?\u201c<\/p><div class=\"page\" title=\"Page 2\"><div class=\"section\"><div class=\"layoutArea\"><div class=\"column\"><p>\u00a0<\/p><p>Wie viele Luftballons passen in ein Klassenzimmer? Eine beispielhafte gute Aufgabe fu\u0308r alle!<\/p><p>Schu\u0308lerinnen und Schu\u0308ler geben Scha\u0308tzungen ab. Luftballons werden aufgepustet. Es wird diskutiert, Zeichnungen werden angefertigt.<\/p><p>Lehrerinnen und Lehrer vermessen die Gro\u0308\u00dfe eines Luftballons. Gemeinsam u\u0308berlegen sie, welche Anregungen und Impulse ihre Schu\u0308lerinnen und Schu\u0308lern beno\u0308tigen.<\/p><p>Bei einem Elternabend blasen Eltern Luftballons auf und messen mit der Stoppuhr, wie lange es dauert, bis ein Ballon gefu\u0308llt ist. Sie kommen daru\u0308ber ins Gespra\u0308ch, aus welchen Alltagssituationen mathematische Fragestellungen entstehen ko\u0308nnen.<\/p><\/div><\/div><\/div><\/div><\/div><\/div><\/div><\/div><\/div><\/div><\/div><\/div>\t\t\t\t\t\t\t\t<\/div>\n\t\t\t\t<\/div>\n\t\t\t\t\t<\/div>\n\t\t<\/div>\n\t\t\t\t\t<\/div>\n\t\t<\/section>\n\t\t\t\t<\/div>\n\t\t","protected":false},"excerpt":{"rendered":"<p>SINUS Profil Grundschule Wir sind seit dem Schuljahr 2024\/25 SINUS Profil Grundschule. An jeder SINUS-Profil-Mathematik-Grundschule engagieren sich mindestens zwei Lehrkra\u0308fte. Sie werden von der Schulleitung bei der Umsetzung unterstu\u0308tzt. Ziel [&hellip;]<\/p>\n","protected":false},"author":6,"featured_media":0,"parent":0,"menu_order":0,"comment_status":"closed","ping_status":"closed","template":"","meta":{"site-sidebar-layout":"no-sidebar","site-content-layout":"page-builder","ast-site-content-layout":"full-width-container","site-content-style":"default","site-sidebar-style":"default","ast-global-header-display":"","ast-banner-title-visibility":"","ast-main-header-display":"","ast-hfb-above-header-display":"","ast-hfb-below-header-display":"","ast-hfb-mobile-header-display":"","site-post-title":"disabled","ast-breadcrumbs-content":"","ast-featured-img":"disabled","footer-sml-layout":"","ast-disable-related-posts":"","theme-transparent-header-meta":"","adv-header-id-meta":"","stick-header-meta":"","header-above-stick-meta":"","header-main-stick-meta":"","header-below-stick-meta":"","astra-migrate-meta-layouts":"set","ast-page-background-enabled":"default","ast-page-background-meta":{"desktop":{"background-color":"var(--ast-global-color-4)","background-image":"","background-repeat":"repeat","background-position":"center center","background-size":"auto","background-attachment":"scroll","background-type":"","background-media":"","overlay-type":"","overlay-color":"","overlay-opacity":"","overlay-gradient":""},"tablet":{"background-color":"","background-image":"","background-repeat":"repeat","background-position":"center center","background-size":"auto","background-attachment":"scroll","background-type":"","background-media":"","overlay-type":"","overlay-color":"","overlay-opacity":"","overlay-gradient":""},"mobile":{"background-color":"","background-image":"","background-repeat":"repeat","background-position":"center center","background-size":"auto","background-attachment":"scroll","background-type":"","background-media":"","overlay-type":"","overlay-color":"","overlay-opacity":"","overlay-gradient":""}},"ast-content-background-meta":{"desktop":{"background-color":"var(--ast-global-color-5)","background-image":"","background-repeat":"repeat","background-position":"center center","background-size":"auto","background-attachment":"scroll","background-type":"","background-media":"","overlay-type":"","overlay-color":"","overlay-opacity":"","overlay-gradient":""},"tablet":{"background-color":"var(--ast-global-color-5)","background-image":"","background-repeat":"repeat","background-position":"center center","background-size":"auto","background-attachment":"scroll","background-type":"","background-media":"","overlay-type":"","overlay-color":"","overlay-opacity":"","overlay-gradient":""},"mobile":{"background-color":"var(--ast-global-color-5)","background-image":"","background-repeat":"repeat","background-position":"center center","background-size":"auto","background-attachment":"scroll","background-type":"","background-media":"","overlay-type":"","overlay-color":"","overlay-opacity":"","overlay-gradient":""}},"footnotes":""},"class_list":["post-1823","page","type-page","status-publish","hentry"],"_links":{"self":[{"href":"https:\/\/www.grundschule-bhs.de\/index.php?rest_route=\/wp\/v2\/pages\/1823","targetHints":{"allow":["GET"]}}],"collection":[{"href":"https:\/\/www.grundschule-bhs.de\/index.php?rest_route=\/wp\/v2\/pages"}],"about":[{"href":"https:\/\/www.grundschule-bhs.de\/index.php?rest_route=\/wp\/v2\/types\/page"}],"author":[{"embeddable":true,"href":"https:\/\/www.grundschule-bhs.de\/index.php?rest_route=\/wp\/v2\/users\/6"}],"replies":[{"embeddable":true,"href":"https:\/\/www.grundschule-bhs.de\/index.php?rest_route=%2Fwp%2Fv2%2Fcomments&post=1823"}],"version-history":[{"count":5,"href":"https:\/\/www.grundschule-bhs.de\/index.php?rest_route=\/wp\/v2\/pages\/1823\/revisions"}],"predecessor-version":[{"id":1830,"href":"https:\/\/www.grundschule-bhs.de\/index.php?rest_route=\/wp\/v2\/pages\/1823\/revisions\/1830"}],"wp:attachment":[{"href":"https:\/\/www.grundschule-bhs.de\/index.php?rest_route=%2Fwp%2Fv2%2Fmedia&parent=1823"}],"curies":[{"name":"wp","href":"https:\/\/api.w.org\/{rel}","templated":true}]}}