{"id":2283,"date":"2025-10-14T08:58:16","date_gmt":"2025-10-14T06:58:16","guid":{"rendered":"https:\/\/www.grundschule-bhs.de\/?page_id=2283"},"modified":"2025-10-14T09:02:11","modified_gmt":"2025-10-14T07:02:11","slug":"schulseelsorge","status":"publish","type":"page","link":"https:\/\/www.grundschule-bhs.de\/?page_id=2283","title":{"rendered":"Schulseelsorge"},"content":{"rendered":"\t\t<div data-elementor-type=\"wp-page\" data-elementor-id=\"2283\" class=\"elementor elementor-2283\">\n\t\t\t\t\t\t<section class=\"elementor-section elementor-top-section elementor-element elementor-element-4126abf elementor-section-boxed elementor-section-height-default elementor-section-height-default\" data-id=\"4126abf\" data-element_type=\"section\" data-e-type=\"section\">\n\t\t\t\t\t\t<div class=\"elementor-container elementor-column-gap-default\">\n\t\t\t\t\t<div class=\"elementor-column elementor-col-66 elementor-top-column elementor-element elementor-element-5214581\" data-id=\"5214581\" data-element_type=\"column\" data-e-type=\"column\">\n\t\t\t<div class=\"elementor-widget-wrap elementor-element-populated\">\n\t\t\t\t\t\t<div class=\"elementor-element elementor-element-3885e9a elementor-widget elementor-widget-text-editor\" data-id=\"3885e9a\" data-element_type=\"widget\" data-e-type=\"widget\" data-widget_type=\"text-editor.default\">\n\t\t\t\t<div class=\"elementor-widget-container\">\n\t\t\t\t\t\t\t\t\t<p>Mein Name ist Ulrike Dondrup, ich bin als Religionslehrerin und Schulseelsorgerin an unserer Schule t\u00e4tig. Schulseelsorge bedeutet, f\u00fcr die Menschen im Schulalltag da zu sein \u2013 unabh\u00e4ngig von Religion oder pers\u00f6nlichem Hintergrund. Ich begleite, h\u00f6re zu, st\u00e4rke, tr\u00f6ste und unterst\u00fctze, wenn kleine oder gro\u00dfe Sorgen, Konflikte oder Fragen auftauchen.<br \/>Ob bei Belastungen im Schulalltag, pers\u00f6nlichen Herausforderungen oder einfach, wenn jemand ein offenes Ohr braucht \u2013 ich bin f\u00fcr Sch\u00fclerinnen und Sch\u00fcler, Eltern und Kolleginnen und Kollegen ansprechbar.<br \/>Sie erreichen mich unkompliziert \u00fcber SDUI. Bei Bedarf k\u00f6nnen wir dar\u00fcber auch einen Termin f\u00fcr ein pers\u00f6nliches Gespr\u00e4ch vereinbaren.<br \/>Ich freue mich auf die Begegnungen und das gemeinsame Gestalten eines wertsch\u00e4tzenden Miteinanders an unserer Schule!<\/p>\t\t\t\t\t\t\t\t<\/div>\n\t\t\t\t<\/div>\n\t\t\t\t\t<\/div>\n\t\t<\/div>\n\t\t\t\t<div class=\"elementor-column elementor-col-33 elementor-top-column elementor-element elementor-element-a74b10b\" data-id=\"a74b10b\" data-element_type=\"column\" data-e-type=\"column\">\n\t\t\t<div class=\"elementor-widget-wrap elementor-element-populated\">\n\t\t\t\t\t\t<div class=\"elementor-element elementor-element-44eabfe elementor-widget elementor-widget-image\" data-id=\"44eabfe\" data-element_type=\"widget\" data-e-type=\"widget\" data-widget_type=\"image.default\">\n\t\t\t\t<div class=\"elementor-widget-container\">\n\t\t\t\t\t\t\t\t\t\t\t\t\t\t\t<img fetchpriority=\"high\" decoding=\"async\" width=\"796\" height=\"1024\" src=\"https:\/\/www.grundschule-bhs.de\/wp-content\/uploads\/2025\/10\/Ulrike-Dondrup-796x1024.jpg\" class=\"attachment-large size-large wp-image-2289\" alt=\"\" srcset=\"https:\/\/www.grundschule-bhs.de\/wp-content\/uploads\/2025\/10\/Ulrike-Dondrup-796x1024.jpg 796w, https:\/\/www.grundschule-bhs.de\/wp-content\/uploads\/2025\/10\/Ulrike-Dondrup-233x300.jpg 233w, https:\/\/www.grundschule-bhs.de\/wp-content\/uploads\/2025\/10\/Ulrike-Dondrup-768x988.jpg 768w, https:\/\/www.grundschule-bhs.de\/wp-content\/uploads\/2025\/10\/Ulrike-Dondrup-1194x1536.jpg 1194w, https:\/\/www.grundschule-bhs.de\/wp-content\/uploads\/2025\/10\/Ulrike-Dondrup-1592x2048.jpg 1592w, https:\/\/www.grundschule-bhs.de\/wp-content\/uploads\/2025\/10\/Ulrike-Dondrup.jpg 1600w\" sizes=\"(max-width: 796px) 100vw, 796px\" \/>\t\t\t\t\t\t\t\t\t\t\t\t\t\t\t<\/div>\n\t\t\t\t<\/div>\n\t\t\t\t\t<\/div>\n\t\t<\/div>\n\t\t\t\t\t<\/div>\n\t\t<\/section>\n\t\t\t\t<\/div>\n\t\t","protected":false},"excerpt":{"rendered":"<p>Mein Name ist Ulrike Dondrup, ich bin als Religionslehrerin und Schulseelsorgerin an unserer Schule t\u00e4tig. Schulseelsorge bedeutet, f\u00fcr die Menschen im Schulalltag da zu sein \u2013 unabh\u00e4ngig von Religion oder [&hellip;]<\/p>\n","protected":false},"author":6,"featured_media":0,"parent":0,"menu_order":0,"comment_status":"closed","ping_status":"closed","template":"","meta":{"site-sidebar-layout":"no-sidebar","site-content-layout":"page-builder","ast-site-content-layout":"full-width-container","site-content-style":"default","site-sidebar-style":"default","ast-global-header-display":"","ast-banner-title-visibility":"","ast-main-header-display":"","ast-hfb-above-header-display":"","ast-hfb-below-header-display":"","ast-hfb-mobile-header-display":"","site-post-title":"","ast-breadcrumbs-content":"","ast-featured-img":"disabled","footer-sml-layout":"","ast-disable-related-posts":"","theme-transparent-header-meta":"","adv-header-id-meta":"","stick-header-meta":"","header-above-stick-meta":"","header-main-stick-meta":"","header-below-stick-meta":"","astra-migrate-meta-layouts":"set","ast-page-background-enabled":"default","ast-page-background-meta":{"desktop":{"background-color":"var(--ast-global-color-4)","background-image":"","background-repeat":"repeat","background-position":"center center","background-size":"auto","background-attachment":"scroll","background-type":"","background-media":"","overlay-type":"","overlay-color":"","overlay-opacity":"","overlay-gradient":""},"tablet":{"background-color":"","background-image":"","background-repeat":"repeat","background-position":"center center","background-size":"auto","background-attachment":"scroll","background-type":"","background-media":"","overlay-type":"","overlay-color":"","overlay-opacity":"","overlay-gradient":""},"mobile":{"background-color":"","background-image":"","background-repeat":"repeat","background-position":"center center","background-size":"auto","background-attachment":"scroll","background-type":"","background-media":"","overlay-type":"","overlay-color":"","overlay-opacity":"","overlay-gradient":""}},"ast-content-background-meta":{"desktop":{"background-color":"var(--ast-global-color-5)","background-image":"","background-repeat":"repeat","background-position":"center center","background-size":"auto","background-attachment":"scroll","background-type":"","background-media":"","overlay-type":"","overlay-color":"","overlay-opacity":"","overlay-gradient":""},"tablet":{"background-color":"var(--ast-global-color-5)","background-image":"","background-repeat":"repeat","background-position":"center center","background-size":"auto","background-attachment":"scroll","background-type":"","background-media":"","overlay-type":"","overlay-color":"","overlay-opacity":"","overlay-gradient":""},"mobile":{"background-color":"var(--ast-global-color-5)","background-image":"","background-repeat":"repeat","background-position":"center center","background-size":"auto","background-attachment":"scroll","background-type":"","background-media":"","overlay-type":"","overlay-color":"","overlay-opacity":"","overlay-gradient":""}},"footnotes":""},"class_list":["post-2283","page","type-page","status-publish","hentry"],"_links":{"self":[{"href":"https:\/\/www.grundschule-bhs.de\/index.php?rest_route=\/wp\/v2\/pages\/2283","targetHints":{"allow":["GET"]}}],"collection":[{"href":"https:\/\/www.grundschule-bhs.de\/index.php?rest_route=\/wp\/v2\/pages"}],"about":[{"href":"https:\/\/www.grundschule-bhs.de\/index.php?rest_route=\/wp\/v2\/types\/page"}],"author":[{"embeddable":true,"href":"https:\/\/www.grundschule-bhs.de\/index.php?rest_route=\/wp\/v2\/users\/6"}],"replies":[{"embeddable":true,"href":"https:\/\/www.grundschule-bhs.de\/index.php?rest_route=%2Fwp%2Fv2%2Fcomments&post=2283"}],"version-history":[{"count":7,"href":"https:\/\/www.grundschule-bhs.de\/index.php?rest_route=\/wp\/v2\/pages\/2283\/revisions"}],"predecessor-version":[{"id":2292,"href":"https:\/\/www.grundschule-bhs.de\/index.php?rest_route=\/wp\/v2\/pages\/2283\/revisions\/2292"}],"wp:attachment":[{"href":"https:\/\/www.grundschule-bhs.de\/index.php?rest_route=%2Fwp%2Fv2%2Fmedia&parent=2283"}],"curies":[{"name":"wp","href":"https:\/\/api.w.org\/{rel}","templated":true}]}}