{"id":679,"date":"2023-06-19T14:50:51","date_gmt":"2023-06-19T14:50:51","guid":{"rendered":"https:\/\/bhs-grundschule.adoring-tesla.88-198-121-67.plesk.page\/?page_id=679"},"modified":"2023-07-31T10:05:03","modified_gmt":"2023-07-31T08:05:03","slug":"konfessionell-kooperativer-religionsunterricht","status":"publish","type":"page","link":"https:\/\/www.grundschule-bhs.de\/?page_id=679","title":{"rendered":"Konfessionell-kooperativer Religionsunterricht"},"content":{"rendered":"\t\t<div data-elementor-type=\"wp-page\" data-elementor-id=\"679\" class=\"elementor elementor-679\">\n\t\t\t\t\t\t<section class=\"elementor-section elementor-top-section elementor-element elementor-element-694f7fea elementor-section-boxed elementor-section-height-default elementor-section-height-default\" data-id=\"694f7fea\" data-element_type=\"section\" data-e-type=\"section\">\n\t\t\t\t\t\t<div class=\"elementor-container elementor-column-gap-default\">\n\t\t\t\t\t<div class=\"elementor-column elementor-col-100 elementor-top-column elementor-element elementor-element-7a8d33db\" data-id=\"7a8d33db\" data-element_type=\"column\" data-e-type=\"column\">\n\t\t\t<div class=\"elementor-widget-wrap elementor-element-populated\">\n\t\t\t\t\t\t<div class=\"elementor-element elementor-element-4a2f1532 elementor-widget elementor-widget-text-editor\" data-id=\"4a2f1532\" data-element_type=\"widget\" data-e-type=\"widget\" data-widget_type=\"text-editor.default\">\n\t\t\t\t<div class=\"elementor-widget-container\">\n\t\t\t\t\t\t\t\t\t\n<h1 class=\"has-text-align-left has-medium-font-size\">Konfessionell-kooperativ erteilter Religionsunterricht &#8211; KoKo<\/h1>\n\n<p>\u00a0<\/p>\n\n<p class=\"has-text-align-left\">Seit dem Schuljahr 2005\/2006 besteht in Baden-W\u00fcrttemberg die M\u00f6glichkeit, den Religionsunterricht in einzelnen Klassenstufen konfessionell-kooperativ zu erteilen. Hierzu gibt es eine verbindliche Rahmenvereinbarung zwischen den Evangelischen Landeskirchen in Baden und in W\u00fcrttemberg, der Erzdi\u00f6zese Freiburg und der Di\u00f6zese Rottenburg-Stuttgart.<\/p>\n\n<p class=\"has-text-align-left\">An unserer Schule wird ab dem Schuljahr 2023\/2024 der Religionsunterricht in allen Klassenstufen konfessionell-kooperativ erteilt.<\/p>\n\n<p class=\"has-text-align-left\">Bei der Gestaltung des Religionsunterrichts arbeiten die evangelischen und die katholischen Lehrkr\u00e4fte als Team eng zusammen. Sie greifen hierbei auf einen Unterrichtsplan zur\u00fcck, der sowohl den Vorgaben des evangelischen als auch denen des katholischen Bildungsplans entspricht. Deshalb ist dieser konfessionell-kooperativ erteilte Unterricht konfessioneller Religionsunterricht. Innerhalb des Zeitraums, in dem der Religionsunterricht konfessionell-kooperativ erteilt wird, erfolgt ein verbindlicher Wechsel der Lehrkraft, der den Gegebenheiten vor Ort entsprechend gestaltet wird.\u00a0<\/p>\n\n<p class=\"has-text-align-left\">Dabei werden zeitlich gleiche Unterrichtsanteile f\u00fcr beide Konfessionen angestrebt. Aus inhaltlichen und rechtlichen Gr\u00fcnden ist f\u00fcr die Zeugnisnote bzw. die Halbjahresinformation die Konfession der Lehrkraft, die den Unterricht erteilt hat, ma\u00dfgeblich. Die kooperierenden Lehrkr\u00e4fte sind gehalten, zum Ende des Schuljahres eine einvernehmliche Zeugnisnote zu erteilen. Im Zeugnis erscheint als Bemerkung zur Religionsnote folgender Satz: <em>\u201eDer Religionsunterricht wurde konfessionell-kooperativ erteilt.\u201c<\/em><\/p>\n\n<p class=\"has-text-align-left\">Die Ziele der konfessionellen Kooperation im Religionsunterricht sind:<\/p>\n\n<ul class=\"wp-block-list\">\n<li>die authentische Begegnung mit der anderen Konfession zu erm\u00f6glichen<\/li>\n\n<li>die \u00f6kumenische Offenheit beider Konfessionen erfahrbar zu machen<\/li>\n\n<li>ein vertieftes Bewusstsein f\u00fcr die eigene Glaubensrichtung zu schaffen.<\/li>\n<\/ul>\n\n<p class=\"has-text-align-left\">Falls Ihr Kind keiner Konfession angeh\u00f6rt, kann es auf Ihren Wunsch am konfessionell-kooperativen Religionsunterricht teilnehmen.<\/p>\n\t\t\t\t\t\t\t\t<\/div>\n\t\t\t\t<\/div>\n\t\t\t\t\t<\/div>\n\t\t<\/div>\n\t\t\t\t\t<\/div>\n\t\t<\/section>\n\t\t\t\t<\/div>\n\t\t","protected":false},"excerpt":{"rendered":"<p>Konfessionell-kooperativ erteilter Religionsunterricht &#8211; KoKo \u00a0 Seit dem Schuljahr 2005\/2006 besteht in Baden-W\u00fcrttemberg die M\u00f6glichkeit, den Religionsunterricht in einzelnen Klassenstufen konfessionell-kooperativ zu erteilen. Hierzu gibt es eine verbindliche Rahmenvereinbarung zwischen [&hellip;]<\/p>\n","protected":false},"author":7,"featured_media":0,"parent":0,"menu_order":0,"comment_status":"closed","ping_status":"closed","template":"","meta":{"site-sidebar-layout":"default","site-content-layout":"","ast-site-content-layout":"default","site-content-style":"default","site-sidebar-style":"default","ast-global-header-display":"","ast-banner-title-visibility":"","ast-main-header-display":"","ast-hfb-above-header-display":"","ast-hfb-below-header-display":"","ast-hfb-mobile-header-display":"","site-post-title":"disabled","ast-breadcrumbs-content":"","ast-featured-img":"","footer-sml-layout":"","ast-disable-related-posts":"","theme-transparent-header-meta":"","adv-header-id-meta":"","stick-header-meta":"","header-above-stick-meta":"","header-main-stick-meta":"","header-below-stick-meta":"","astra-migrate-meta-layouts":"default","ast-page-background-enabled":"default","ast-page-background-meta":{"desktop":{"background-color":"var(--ast-global-color-4)","background-image":"","background-repeat":"repeat","background-position":"center center","background-size":"auto","background-attachment":"scroll","background-type":"","background-media":"","overlay-type":"","overlay-color":"","overlay-opacity":"","overlay-gradient":""},"tablet":{"background-color":"","background-image":"","background-repeat":"repeat","background-position":"center center","background-size":"auto","background-attachment":"scroll","background-type":"","background-media":"","overlay-type":"","overlay-color":"","overlay-opacity":"","overlay-gradient":""},"mobile":{"background-color":"","background-image":"","background-repeat":"repeat","background-position":"center center","background-size":"auto","background-attachment":"scroll","background-type":"","background-media":"","overlay-type":"","overlay-color":"","overlay-opacity":"","overlay-gradient":""}},"ast-content-background-meta":{"desktop":{"background-color":"var(--ast-global-color-5)","background-image":"","background-repeat":"repeat","background-position":"center center","background-size":"auto","background-attachment":"scroll","background-type":"","background-media":"","overlay-type":"","overlay-color":"","overlay-opacity":"","overlay-gradient":""},"tablet":{"background-color":"var(--ast-global-color-5)","background-image":"","background-repeat":"repeat","background-position":"center center","background-size":"auto","background-attachment":"scroll","background-type":"","background-media":"","overlay-type":"","overlay-color":"","overlay-opacity":"","overlay-gradient":""},"mobile":{"background-color":"var(--ast-global-color-5)","background-image":"","background-repeat":"repeat","background-position":"center center","background-size":"auto","background-attachment":"scroll","background-type":"","background-media":"","overlay-type":"","overlay-color":"","overlay-opacity":"","overlay-gradient":""}},"footnotes":""},"class_list":["post-679","page","type-page","status-publish","hentry"],"_links":{"self":[{"href":"https:\/\/www.grundschule-bhs.de\/index.php?rest_route=\/wp\/v2\/pages\/679","targetHints":{"allow":["GET"]}}],"collection":[{"href":"https:\/\/www.grundschule-bhs.de\/index.php?rest_route=\/wp\/v2\/pages"}],"about":[{"href":"https:\/\/www.grundschule-bhs.de\/index.php?rest_route=\/wp\/v2\/types\/page"}],"author":[{"embeddable":true,"href":"https:\/\/www.grundschule-bhs.de\/index.php?rest_route=\/wp\/v2\/users\/7"}],"replies":[{"embeddable":true,"href":"https:\/\/www.grundschule-bhs.de\/index.php?rest_route=%2Fwp%2Fv2%2Fcomments&post=679"}],"version-history":[{"count":11,"href":"https:\/\/www.grundschule-bhs.de\/index.php?rest_route=\/wp\/v2\/pages\/679\/revisions"}],"predecessor-version":[{"id":1237,"href":"https:\/\/www.grundschule-bhs.de\/index.php?rest_route=\/wp\/v2\/pages\/679\/revisions\/1237"}],"wp:attachment":[{"href":"https:\/\/www.grundschule-bhs.de\/index.php?rest_route=%2Fwp%2Fv2%2Fmedia&parent=679"}],"curies":[{"name":"wp","href":"https:\/\/api.w.org\/{rel}","templated":true}]}}