{"id":701,"date":"2023-06-19T15:03:04","date_gmt":"2023-06-19T15:03:04","guid":{"rendered":"https:\/\/bhs-grundschule.adoring-tesla.88-198-121-67.plesk.page\/?page_id=701"},"modified":"2024-09-17T09:25:53","modified_gmt":"2024-09-17T07:25:53","slug":"gesunde-und-bewegte-schule","status":"publish","type":"page","link":"https:\/\/www.grundschule-bhs.de\/?page_id=701","title":{"rendered":"Gesunde und bewegte Schule"},"content":{"rendered":"\t\t<div data-elementor-type=\"wp-page\" data-elementor-id=\"701\" class=\"elementor elementor-701\">\n\t\t\t\t\t\t<section class=\"elementor-section elementor-top-section elementor-element elementor-element-cb87b22 elementor-section-boxed elementor-section-height-default elementor-section-height-default\" data-id=\"cb87b22\" data-element_type=\"section\" data-e-type=\"section\">\n\t\t\t\t\t\t<div class=\"elementor-container elementor-column-gap-default\">\n\t\t\t\t\t<div class=\"elementor-column elementor-col-33 elementor-top-column elementor-element elementor-element-42d8852\" data-id=\"42d8852\" data-element_type=\"column\" data-e-type=\"column\">\n\t\t\t<div class=\"elementor-widget-wrap\">\n\t\t\t\t\t\t\t<\/div>\n\t\t<\/div>\n\t\t\t\t<div class=\"elementor-column elementor-col-66 elementor-top-column elementor-element elementor-element-4a515a3\" data-id=\"4a515a3\" data-element_type=\"column\" data-e-type=\"column\">\n\t\t\t<div class=\"elementor-widget-wrap\">\n\t\t\t\t\t\t\t<\/div>\n\t\t<\/div>\n\t\t\t\t\t<\/div>\n\t\t<\/section>\n\t\t\t\t<section class=\"elementor-section elementor-top-section elementor-element elementor-element-7f9c330 elementor-section-boxed elementor-section-height-default elementor-section-height-default\" data-id=\"7f9c330\" data-element_type=\"section\" data-e-type=\"section\">\n\t\t\t\t\t\t<div class=\"elementor-container elementor-column-gap-default\">\n\t\t\t\t\t<div class=\"elementor-column elementor-col-100 elementor-top-column elementor-element elementor-element-e5e30eb\" data-id=\"e5e30eb\" data-element_type=\"column\" data-e-type=\"column\">\n\t\t\t<div class=\"elementor-widget-wrap elementor-element-populated\">\n\t\t\t\t\t\t<div class=\"elementor-element elementor-element-e190dab elementor-widget elementor-widget-heading\" data-id=\"e190dab\" data-element_type=\"widget\" data-e-type=\"widget\" data-widget_type=\"heading.default\">\n\t\t\t\t<div class=\"elementor-widget-container\">\n\t\t\t\t\t<h2 class=\"elementor-heading-title elementor-size-default\">Gesunde und bewegte Schule<\/h2>\t\t\t\t<\/div>\n\t\t\t\t<\/div>\n\t\t\t\t\t<\/div>\n\t\t<\/div>\n\t\t\t\t\t<\/div>\n\t\t<\/section>\n\t\t\t\t<section class=\"elementor-section elementor-top-section elementor-element elementor-element-06e9f7b elementor-section-boxed elementor-section-height-default elementor-section-height-default\" data-id=\"06e9f7b\" data-element_type=\"section\" data-e-type=\"section\">\n\t\t\t\t\t\t<div class=\"elementor-container elementor-column-gap-default\">\n\t\t\t\t\t<div class=\"elementor-column elementor-col-50 elementor-top-column elementor-element elementor-element-bd1abdf\" data-id=\"bd1abdf\" data-element_type=\"column\" data-e-type=\"column\">\n\t\t\t<div class=\"elementor-widget-wrap elementor-element-populated\">\n\t\t\t\t\t\t<div class=\"elementor-element elementor-element-41ef294 elementor-widget elementor-widget-text-editor\" data-id=\"41ef294\" data-element_type=\"widget\" data-e-type=\"widget\" data-widget_type=\"text-editor.default\">\n\t\t\t\t<div class=\"elementor-widget-container\">\n\t\t\t\t\t\t\t\t\t<p>Gesunde Ern\u00e4hrung ist uns wichtig. Wir seit dem Schuljahr 2023\/24 am EU-Schulobstprojekt teil. Die Schulh\u00e4user in Biengen und Hausen werden von Piluweri beliefert. Das Schulhaus in Schlatt erh\u00e4lt eine Obst- und Gem\u00fcselieferung von Schmids Bauernladen. Auch im Sachunterricht wird das Thema in allen vier Klassen auf unterschiedlichste Art und Weise behandelt. Dar\u00fcberhinaus soll j\u00e4hrlich ein Bewegungs- und Gesundheitstag stattfinden. An diesem Tag wird gemeinsam ein gesundes Buffet zubereitet und es bleibt viel Zeit f\u00fcr Bewegung.<\/p>\n<p>Durch unsere zwei Bewegungspausen und durch bewegte Unterrichtsphasen, versuchen wir unseren Sch\u00fclerinnen und Sch\u00fclern m\u00f6glichst viel Bewegungszeit zu erm\u00f6glichen, um so das Lernen zu unterst\u00fctzen.<\/p>\t\t\t\t\t\t\t\t<\/div>\n\t\t\t\t<\/div>\n\t\t\t\t\t<\/div>\n\t\t<\/div>\n\t\t\t\t<div class=\"elementor-column elementor-col-50 elementor-top-column elementor-element elementor-element-5a9f131\" data-id=\"5a9f131\" data-element_type=\"column\" data-e-type=\"column\">\n\t\t\t<div class=\"elementor-widget-wrap elementor-element-populated\">\n\t\t\t\t\t\t<div class=\"elementor-element elementor-element-f276505 elementor-widget elementor-widget-image\" data-id=\"f276505\" data-element_type=\"widget\" data-e-type=\"widget\" data-widget_type=\"image.default\">\n\t\t\t\t<div class=\"elementor-widget-container\">\n\t\t\t\t\t\t\t\t\t\t\t\t\t\t\t<img fetchpriority=\"high\" decoding=\"async\" width=\"1024\" height=\"772\" src=\"https:\/\/www.grundschule-bhs.de\/wp-content\/uploads\/2023\/07\/47F52E17-C01E-4B0A-A255-41AC78137BBE-1024x772.jpeg\" class=\"attachment-large size-large wp-image-1022\" alt=\"\" srcset=\"https:\/\/www.grundschule-bhs.de\/wp-content\/uploads\/2023\/07\/47F52E17-C01E-4B0A-A255-41AC78137BBE-1024x772.jpeg 1024w, https:\/\/www.grundschule-bhs.de\/wp-content\/uploads\/2023\/07\/47F52E17-C01E-4B0A-A255-41AC78137BBE-300x226.jpeg 300w, https:\/\/www.grundschule-bhs.de\/wp-content\/uploads\/2023\/07\/47F52E17-C01E-4B0A-A255-41AC78137BBE-768x579.jpeg 768w, https:\/\/www.grundschule-bhs.de\/wp-content\/uploads\/2023\/07\/47F52E17-C01E-4B0A-A255-41AC78137BBE.jpeg 1440w\" sizes=\"(max-width: 1024px) 100vw, 1024px\" \/>\t\t\t\t\t\t\t\t\t\t\t\t\t\t\t<\/div>\n\t\t\t\t<\/div>\n\t\t\t\t\t<\/div>\n\t\t<\/div>\n\t\t\t\t\t<\/div>\n\t\t<\/section>\n\t\t\t\t<\/div>\n\t\t","protected":false},"excerpt":{"rendered":"<p>Gesunde und bewegte Schule Gesunde Ern\u00e4hrung ist uns wichtig. Wir seit dem Schuljahr 2023\/24 am EU-Schulobstprojekt teil. Die Schulh\u00e4user in Biengen und Hausen werden von Piluweri beliefert. Das Schulhaus in [&hellip;]<\/p>\n","protected":false},"author":6,"featured_media":0,"parent":0,"menu_order":0,"comment_status":"closed","ping_status":"closed","template":"","meta":{"site-sidebar-layout":"no-sidebar","site-content-layout":"page-builder","ast-site-content-layout":"default","site-content-style":"default","site-sidebar-style":"default","ast-global-header-display":"","ast-banner-title-visibility":"","ast-main-header-display":"","ast-hfb-above-header-display":"","ast-hfb-below-header-display":"","ast-hfb-mobile-header-display":"","site-post-title":"disabled","ast-breadcrumbs-content":"","ast-featured-img":"disabled","footer-sml-layout":"","ast-disable-related-posts":"","theme-transparent-header-meta":"","adv-header-id-meta":"","stick-header-meta":"","header-above-stick-meta":"","header-main-stick-meta":"","header-below-stick-meta":"","astra-migrate-meta-layouts":"default","ast-page-background-enabled":"default","ast-page-background-meta":{"desktop":{"background-color":"var(--ast-global-color-4)","background-image":"","background-repeat":"repeat","background-position":"center center","background-size":"auto","background-attachment":"scroll","background-type":"","background-media":"","overlay-type":"","overlay-color":"","overlay-opacity":"","overlay-gradient":""},"tablet":{"background-color":"","background-image":"","background-repeat":"repeat","background-position":"center center","background-size":"auto","background-attachment":"scroll","background-type":"","background-media":"","overlay-type":"","overlay-color":"","overlay-opacity":"","overlay-gradient":""},"mobile":{"background-color":"","background-image":"","background-repeat":"repeat","background-position":"center center","background-size":"auto","background-attachment":"scroll","background-type":"","background-media":"","overlay-type":"","overlay-color":"","overlay-opacity":"","overlay-gradient":""}},"ast-content-background-meta":{"desktop":{"background-color":"var(--ast-global-color-5)","background-image":"","background-repeat":"repeat","background-position":"center center","background-size":"auto","background-attachment":"scroll","background-type":"","background-media":"","overlay-type":"","overlay-color":"","overlay-opacity":"","overlay-gradient":""},"tablet":{"background-color":"var(--ast-global-color-5)","background-image":"","background-repeat":"repeat","background-position":"center center","background-size":"auto","background-attachment":"scroll","background-type":"","background-media":"","overlay-type":"","overlay-color":"","overlay-opacity":"","overlay-gradient":""},"mobile":{"background-color":"var(--ast-global-color-5)","background-image":"","background-repeat":"repeat","background-position":"center center","background-size":"auto","background-attachment":"scroll","background-type":"","background-media":"","overlay-type":"","overlay-color":"","overlay-opacity":"","overlay-gradient":""}},"footnotes":""},"class_list":["post-701","page","type-page","status-publish","hentry"],"_links":{"self":[{"href":"https:\/\/www.grundschule-bhs.de\/index.php?rest_route=\/wp\/v2\/pages\/701","targetHints":{"allow":["GET"]}}],"collection":[{"href":"https:\/\/www.grundschule-bhs.de\/index.php?rest_route=\/wp\/v2\/pages"}],"about":[{"href":"https:\/\/www.grundschule-bhs.de\/index.php?rest_route=\/wp\/v2\/types\/page"}],"author":[{"embeddable":true,"href":"https:\/\/www.grundschule-bhs.de\/index.php?rest_route=\/wp\/v2\/users\/6"}],"replies":[{"embeddable":true,"href":"https:\/\/www.grundschule-bhs.de\/index.php?rest_route=%2Fwp%2Fv2%2Fcomments&post=701"}],"version-history":[{"count":13,"href":"https:\/\/www.grundschule-bhs.de\/index.php?rest_route=\/wp\/v2\/pages\/701\/revisions"}],"predecessor-version":[{"id":1747,"href":"https:\/\/www.grundschule-bhs.de\/index.php?rest_route=\/wp\/v2\/pages\/701\/revisions\/1747"}],"wp:attachment":[{"href":"https:\/\/www.grundschule-bhs.de\/index.php?rest_route=%2Fwp%2Fv2%2Fmedia&parent=701"}],"curies":[{"name":"wp","href":"https:\/\/api.w.org\/{rel}","templated":true}]}}