{"id":703,"date":"2023-06-19T15:03:24","date_gmt":"2023-06-19T15:03:24","guid":{"rendered":"https:\/\/bhs-grundschule.adoring-tesla.88-198-121-67.plesk.page\/?page_id=703"},"modified":"2023-08-03T11:12:23","modified_gmt":"2023-08-03T09:12:23","slug":"differenziertes-und-individuelles-lernen","status":"publish","type":"page","link":"https:\/\/www.grundschule-bhs.de\/?page_id=703","title":{"rendered":"Differenziertes und individuelles Lernen"},"content":{"rendered":"\t\t<div data-elementor-type=\"wp-page\" data-elementor-id=\"703\" class=\"elementor elementor-703\">\n\t\t\t\t\t\t<section class=\"elementor-section elementor-top-section elementor-element elementor-element-a3c9881 elementor-section-boxed elementor-section-height-default elementor-section-height-default\" data-id=\"a3c9881\" data-element_type=\"section\" data-e-type=\"section\">\n\t\t\t\t\t\t<div class=\"elementor-container elementor-column-gap-default\">\n\t\t\t\t\t<div class=\"elementor-column elementor-col-100 elementor-top-column elementor-element elementor-element-e3d1447\" data-id=\"e3d1447\" data-element_type=\"column\" data-e-type=\"column\">\n\t\t\t<div class=\"elementor-widget-wrap\">\n\t\t\t\t\t\t\t<\/div>\n\t\t<\/div>\n\t\t\t\t\t<\/div>\n\t\t<\/section>\n\t\t\t\t<section class=\"elementor-section elementor-top-section elementor-element elementor-element-6c1a92e elementor-section-boxed elementor-section-height-default elementor-section-height-default\" data-id=\"6c1a92e\" data-element_type=\"section\" data-e-type=\"section\">\n\t\t\t\t\t\t<div class=\"elementor-container elementor-column-gap-default\">\n\t\t\t\t\t<div class=\"elementor-column elementor-col-66 elementor-top-column elementor-element elementor-element-dba8975\" data-id=\"dba8975\" data-element_type=\"column\" data-e-type=\"column\">\n\t\t\t<div class=\"elementor-widget-wrap elementor-element-populated\">\n\t\t\t\t\t\t<div class=\"elementor-element elementor-element-e8b8217 elementor-widget elementor-widget-heading\" data-id=\"e8b8217\" data-element_type=\"widget\" data-e-type=\"widget\" data-widget_type=\"heading.default\">\n\t\t\t\t<div class=\"elementor-widget-container\">\n\t\t\t\t\t<h2 class=\"elementor-heading-title elementor-size-default\">Differenziertes und individuelles Lernen<\/h2>\t\t\t\t<\/div>\n\t\t\t\t<\/div>\n\t\t\t\t<div class=\"elementor-element elementor-element-30c8715 elementor-widget elementor-widget-text-editor\" data-id=\"30c8715\" data-element_type=\"widget\" data-e-type=\"widget\" data-widget_type=\"text-editor.default\">\n\t\t\t\t<div class=\"elementor-widget-container\">\n\t\t\t\t\t\t\t\t\t<p>Kinder verf\u00fcgen \u00fcber unterschiedliche Lernvoraussetzungen: Sie entwickeln sich unterschiedlich schnell, k\u00f6nnen und wissen unterschiedlich viel und lernen auf unterschiedliche Art und Weise. Individuelles Lernen hei\u00dft, dass jedes einzelne Kind im Mittelpunkt steht und entsprechend seiner Begabungen und F\u00e4higkeiten gefordert und gef\u00f6rdert wird.<\/p><p>Individualisiertes Lernen f\u00f6rder und fordert eigenst\u00e4ndiges Denken und Arbeiten und spornt jedes Kind an, so dass es weder \u00fcberfordert noch unterfordert ist.<\/p><p>Der entsprechende Anspruch unserer Schule ist es, jede Sch\u00fclerin und jeden Sch\u00fcler bestm\u00f6glich zu f\u00f6rdern. Unterricht nach dem Grundsatz &#8222;alle lernen zur gleichen Zeit das Gleiche mit der gleichen Methode&#8220; kann diesem Anspruch nicht gerecht werden.<\/p><p>Deshalb f\u00fchren wir an unserer Grundschule differenzierten Unterricht durch, mit dem Ziel, Kinder dort abzuholen, wo sie in ihrer Entwicklung stehen. Wir machen dabei den Kindern die Angebote, die sie f\u00fcr den n\u00e4chsten Lernschritt ben\u00f6tigen. Die Lehrer:innen ermitteln mit Hilfe datenst\u00fctzter Verlaufsdiagnostik die &#8222;Lernausgangslage&#8220; jedes Kindes. Das ist eine Art Bilanz seiner F\u00e4higkeiten und Kenntnisse. Daraus entwicklen sie individuelle Lernziele. Unser Ziel ist dabei, dass sich der Unterricht auf jedes Kind mit seinen individuellen Voraussetzungen einstellt. Die Verschiedenheiten der Kinder nehmen wir nicht als Hindernis f\u00fcr das gemeinsame Arbeiten wahr, sondern als Bereicherung und Chance f\u00fcr das gemeinsame Lernen.<\/p><p>Eine klare Struktur des Unterrichts ist den Lehrer:innen dabei besonders wichtig.<\/p><p>Durch den reflektierten Einsatz von bekannten Unterrichtsmethoden kann es uns gelingen, gezielt Phasen des individuellen Lernens in den Unterricht einzubauen.<\/p><p>Jede Unterrichtskonzeption, die die Sch\u00fcler:innen aktiviert und auf selbstst\u00e4ndiges Arbeiten und Lernen zielt, hat einen wichtigen &#8222;Nebeneffekt&#8220;: Die Lehrkraft erh\u00e4lt Zeit, um beobachten zu k\u00f6nnen, einzelne Sch\u00fcler ansprechen und sich intensiver um sie k\u00fcmmern zu k\u00f6nnen.<\/p>\t\t\t\t\t\t\t\t<\/div>\n\t\t\t\t<\/div>\n\t\t\t\t\t<\/div>\n\t\t<\/div>\n\t\t\t\t<div class=\"elementor-column elementor-col-33 elementor-top-column elementor-element elementor-element-c3b0ce2\" data-id=\"c3b0ce2\" data-element_type=\"column\" data-e-type=\"column\">\n\t\t\t<div class=\"elementor-widget-wrap elementor-element-populated\">\n\t\t\t\t\t\t<div class=\"elementor-element elementor-element-fcb34e2 elementor-widget elementor-widget-image\" data-id=\"fcb34e2\" data-element_type=\"widget\" data-e-type=\"widget\" data-widget_type=\"image.default\">\n\t\t\t\t<div class=\"elementor-widget-container\">\n\t\t\t\t\t\t\t\t\t\t\t\t<figure class=\"wp-caption\">\n\t\t\t\t\t\t\t\t\t\t<img fetchpriority=\"high\" decoding=\"async\" width=\"300\" height=\"188\" src=\"https:\/\/www.grundschule-bhs.de\/wp-content\/uploads\/2023\/07\/Kooperatives-Lernen-300x188.jpeg\" class=\"attachment-medium size-medium wp-image-1247\" alt=\"\" srcset=\"https:\/\/www.grundschule-bhs.de\/wp-content\/uploads\/2023\/07\/Kooperatives-Lernen-300x188.jpeg 300w, https:\/\/www.grundschule-bhs.de\/wp-content\/uploads\/2023\/07\/Kooperatives-Lernen-768x482.jpeg 768w, https:\/\/www.grundschule-bhs.de\/wp-content\/uploads\/2023\/07\/Kooperatives-Lernen.jpeg 770w\" sizes=\"(max-width: 300px) 100vw, 300px\" \/>\t\t\t\t\t\t\t\t\t\t\t<figcaption class=\"widget-image-caption wp-caption-text\"><\/figcaption>\n\t\t\t\t\t\t\t\t\t\t<\/figure>\n\t\t\t\t\t\t\t\t\t<\/div>\n\t\t\t\t<\/div>\n\t\t\t\t<div class=\"elementor-element elementor-element-2c62c86 elementor-widget elementor-widget-text-editor\" data-id=\"2c62c86\" data-element_type=\"widget\" data-e-type=\"widget\" data-widget_type=\"text-editor.default\">\n\t\t\t\t<div class=\"elementor-widget-container\">\n\t\t\t\t\t\t\t\t\t<p>Quelle: https:\/\/fearlessteachers.com\/cooperative-learning-elements-part-1\/<\/p>\t\t\t\t\t\t\t\t<\/div>\n\t\t\t\t<\/div>\n\t\t\t\t\t<\/div>\n\t\t<\/div>\n\t\t\t\t\t<\/div>\n\t\t<\/section>\n\t\t\t\t<\/div>\n\t\t","protected":false},"excerpt":{"rendered":"<p>Differenziertes und individuelles Lernen Kinder verf\u00fcgen \u00fcber unterschiedliche Lernvoraussetzungen: Sie entwickeln sich unterschiedlich schnell, k\u00f6nnen und wissen unterschiedlich viel und lernen auf unterschiedliche Art und Weise. Individuelles Lernen hei\u00dft, dass [&hellip;]<\/p>\n","protected":false},"author":6,"featured_media":0,"parent":0,"menu_order":0,"comment_status":"closed","ping_status":"closed","template":"","meta":{"site-sidebar-layout":"no-sidebar","site-content-layout":"page-builder","ast-site-content-layout":"default","site-content-style":"default","site-sidebar-style":"default","ast-global-header-display":"","ast-banner-title-visibility":"","ast-main-header-display":"","ast-hfb-above-header-display":"","ast-hfb-below-header-display":"","ast-hfb-mobile-header-display":"","site-post-title":"disabled","ast-breadcrumbs-content":"","ast-featured-img":"disabled","footer-sml-layout":"","ast-disable-related-posts":"","theme-transparent-header-meta":"","adv-header-id-meta":"","stick-header-meta":"","header-above-stick-meta":"","header-main-stick-meta":"","header-below-stick-meta":"","astra-migrate-meta-layouts":"default","ast-page-background-enabled":"default","ast-page-background-meta":{"desktop":{"background-color":"var(--ast-global-color-4)","background-image":"","background-repeat":"repeat","background-position":"center center","background-size":"auto","background-attachment":"scroll","background-type":"","background-media":"","overlay-type":"","overlay-color":"","overlay-opacity":"","overlay-gradient":""},"tablet":{"background-color":"","background-image":"","background-repeat":"repeat","background-position":"center center","background-size":"auto","background-attachment":"scroll","background-type":"","background-media":"","overlay-type":"","overlay-color":"","overlay-opacity":"","overlay-gradient":""},"mobile":{"background-color":"","background-image":"","background-repeat":"repeat","background-position":"center center","background-size":"auto","background-attachment":"scroll","background-type":"","background-media":"","overlay-type":"","overlay-color":"","overlay-opacity":"","overlay-gradient":""}},"ast-content-background-meta":{"desktop":{"background-color":"var(--ast-global-color-5)","background-image":"","background-repeat":"repeat","background-position":"center center","background-size":"auto","background-attachment":"scroll","background-type":"","background-media":"","overlay-type":"","overlay-color":"","overlay-opacity":"","overlay-gradient":""},"tablet":{"background-color":"var(--ast-global-color-5)","background-image":"","background-repeat":"repeat","background-position":"center center","background-size":"auto","background-attachment":"scroll","background-type":"","background-media":"","overlay-type":"","overlay-color":"","overlay-opacity":"","overlay-gradient":""},"mobile":{"background-color":"var(--ast-global-color-5)","background-image":"","background-repeat":"repeat","background-position":"center center","background-size":"auto","background-attachment":"scroll","background-type":"","background-media":"","overlay-type":"","overlay-color":"","overlay-opacity":"","overlay-gradient":""}},"footnotes":""},"class_list":["post-703","page","type-page","status-publish","hentry"],"_links":{"self":[{"href":"https:\/\/www.grundschule-bhs.de\/index.php?rest_route=\/wp\/v2\/pages\/703","targetHints":{"allow":["GET"]}}],"collection":[{"href":"https:\/\/www.grundschule-bhs.de\/index.php?rest_route=\/wp\/v2\/pages"}],"about":[{"href":"https:\/\/www.grundschule-bhs.de\/index.php?rest_route=\/wp\/v2\/types\/page"}],"author":[{"embeddable":true,"href":"https:\/\/www.grundschule-bhs.de\/index.php?rest_route=\/wp\/v2\/users\/6"}],"replies":[{"embeddable":true,"href":"https:\/\/www.grundschule-bhs.de\/index.php?rest_route=%2Fwp%2Fv2%2Fcomments&post=703"}],"version-history":[{"count":32,"href":"https:\/\/www.grundschule-bhs.de\/index.php?rest_route=\/wp\/v2\/pages\/703\/revisions"}],"predecessor-version":[{"id":1321,"href":"https:\/\/www.grundschule-bhs.de\/index.php?rest_route=\/wp\/v2\/pages\/703\/revisions\/1321"}],"wp:attachment":[{"href":"https:\/\/www.grundschule-bhs.de\/index.php?rest_route=%2Fwp%2Fv2%2Fmedia&parent=703"}],"curies":[{"name":"wp","href":"https:\/\/api.w.org\/{rel}","templated":true}]}}