{"id":728,"date":"2023-06-20T05:34:10","date_gmt":"2023-06-20T05:34:10","guid":{"rendered":"https:\/\/bhs-grundschule.adoring-tesla.88-198-121-67.plesk.page\/?page_id=728"},"modified":"2023-07-31T11:03:57","modified_gmt":"2023-07-31T09:03:57","slug":"schulbuecherei","status":"publish","type":"page","link":"https:\/\/www.grundschule-bhs.de\/?page_id=728","title":{"rendered":"Schulb\u00fccherei"},"content":{"rendered":"\t\t<div data-elementor-type=\"wp-page\" data-elementor-id=\"728\" class=\"elementor elementor-728\">\n\t\t\t\t\t\t<section class=\"elementor-section elementor-top-section elementor-element elementor-element-35127b6 elementor-section-boxed elementor-section-height-default elementor-section-height-default\" data-id=\"35127b6\" data-element_type=\"section\" data-e-type=\"section\">\n\t\t\t\t\t\t<div class=\"elementor-container elementor-column-gap-default\">\n\t\t\t\t\t<div class=\"elementor-column elementor-col-100 elementor-top-column elementor-element elementor-element-998edce\" data-id=\"998edce\" data-element_type=\"column\" data-e-type=\"column\">\n\t\t\t<div class=\"elementor-widget-wrap elementor-element-populated\">\n\t\t\t\t\t\t<div class=\"elementor-element elementor-element-98ff530 elementor-widget elementor-widget-heading\" data-id=\"98ff530\" data-element_type=\"widget\" data-e-type=\"widget\" data-widget_type=\"heading.default\">\n\t\t\t\t<div class=\"elementor-widget-container\">\n\t\t\t\t\t<h2 class=\"elementor-heading-title elementor-size-default\">Schulb\u00fccherei<\/h2>\t\t\t\t<\/div>\n\t\t\t\t<\/div>\n\t\t\t\t\t<\/div>\n\t\t<\/div>\n\t\t\t\t\t<\/div>\n\t\t<\/section>\n\t\t\t\t<section class=\"elementor-section elementor-top-section elementor-element elementor-element-5e7b9f5 elementor-section-boxed elementor-section-height-default elementor-section-height-default\" data-id=\"5e7b9f5\" data-element_type=\"section\" data-e-type=\"section\">\n\t\t\t\t\t\t<div class=\"elementor-container elementor-column-gap-default\">\n\t\t\t\t\t<div class=\"elementor-column elementor-col-33 elementor-top-column elementor-element elementor-element-13192ae\" data-id=\"13192ae\" data-element_type=\"column\" data-e-type=\"column\">\n\t\t\t<div class=\"elementor-widget-wrap elementor-element-populated\">\n\t\t\t\t\t\t<div class=\"elementor-element elementor-element-e60abce elementor-widget elementor-widget-image\" data-id=\"e60abce\" data-element_type=\"widget\" data-e-type=\"widget\" data-widget_type=\"image.default\">\n\t\t\t\t<div class=\"elementor-widget-container\">\n\t\t\t\t\t\t\t\t\t\t\t\t\t\t\t<img fetchpriority=\"high\" decoding=\"async\" width=\"1024\" height=\"336\" src=\"https:\/\/www.grundschule-bhs.de\/wp-content\/uploads\/2023\/06\/Grundschule-Biengen-scaled-e1690533910863-1024x336.jpg\" class=\"attachment-large size-large wp-image-595\" alt=\"\" srcset=\"https:\/\/www.grundschule-bhs.de\/wp-content\/uploads\/2023\/06\/Grundschule-Biengen-scaled-e1690533910863-1024x336.jpg 1024w, https:\/\/www.grundschule-bhs.de\/wp-content\/uploads\/2023\/06\/Grundschule-Biengen-scaled-e1690533910863-300x98.jpg 300w, https:\/\/www.grundschule-bhs.de\/wp-content\/uploads\/2023\/06\/Grundschule-Biengen-scaled-e1690533910863-768x252.jpg 768w, https:\/\/www.grundschule-bhs.de\/wp-content\/uploads\/2023\/06\/Grundschule-Biengen-scaled-e1690533910863.jpg 1228w\" sizes=\"(max-width: 1024px) 100vw, 1024px\" \/>\t\t\t\t\t\t\t\t\t\t\t\t\t\t\t<\/div>\n\t\t\t\t<\/div>\n\t\t\t\t<div class=\"elementor-element elementor-element-89512f6 elementor-widget elementor-widget-text-editor\" data-id=\"89512f6\" data-element_type=\"widget\" data-e-type=\"widget\" data-widget_type=\"text-editor.default\">\n\t\t\t\t<div class=\"elementor-widget-container\">\n\t\t\t\t\t\t\t\t\t<p>Die Schulb\u00fccherei in Biengen ist an folgenden Tagen ge\u00f6ffnet:<\/p>\n<p>Montag: 15.30 Uhr &#8211; 17 Uhr<\/p>\t\t\t\t\t\t\t\t<\/div>\n\t\t\t\t<\/div>\n\t\t\t\t\t<\/div>\n\t\t<\/div>\n\t\t\t\t<div class=\"elementor-column elementor-col-33 elementor-top-column elementor-element elementor-element-beb7faa\" data-id=\"beb7faa\" data-element_type=\"column\" data-e-type=\"column\">\n\t\t\t<div class=\"elementor-widget-wrap elementor-element-populated\">\n\t\t\t\t\t\t<div class=\"elementor-element elementor-element-2a374c6 elementor-widget elementor-widget-image\" data-id=\"2a374c6\" data-element_type=\"widget\" data-e-type=\"widget\" data-widget_type=\"image.default\">\n\t\t\t\t<div class=\"elementor-widget-container\">\n\t\t\t\t\t\t\t\t\t\t\t\t\t\t\t<img decoding=\"async\" width=\"1024\" height=\"398\" src=\"https:\/\/www.grundschule-bhs.de\/wp-content\/uploads\/2023\/06\/Grundschule-Hausen-scaled-e1690533991970-1024x398.jpg\" class=\"attachment-large size-large wp-image-596\" alt=\"\" srcset=\"https:\/\/www.grundschule-bhs.de\/wp-content\/uploads\/2023\/06\/Grundschule-Hausen-scaled-e1690533991970-1024x398.jpg 1024w, https:\/\/www.grundschule-bhs.de\/wp-content\/uploads\/2023\/06\/Grundschule-Hausen-scaled-e1690533991970-300x117.jpg 300w, https:\/\/www.grundschule-bhs.de\/wp-content\/uploads\/2023\/06\/Grundschule-Hausen-scaled-e1690533991970-768x298.jpg 768w, https:\/\/www.grundschule-bhs.de\/wp-content\/uploads\/2023\/06\/Grundschule-Hausen-scaled-e1690533991970.jpg 1120w\" sizes=\"(max-width: 1024px) 100vw, 1024px\" \/>\t\t\t\t\t\t\t\t\t\t\t\t\t\t\t<\/div>\n\t\t\t\t<\/div>\n\t\t\t\t<div class=\"elementor-element elementor-element-2ec0f4e elementor-widget elementor-widget-text-editor\" data-id=\"2ec0f4e\" data-element_type=\"widget\" data-e-type=\"widget\" data-widget_type=\"text-editor.default\">\n\t\t\t\t<div class=\"elementor-widget-container\">\n\t\t\t\t\t\t\t\t\t<p style=\"font-size: 14.591998px; font-style: normal;\">Die Schulb\u00fccherei in Hausen ist an folgenden Tagen ge\u00f6ffnet:<\/p><p style=\"font-size: 14.591998px; font-style: normal;\">Montag: 09.25 Uhr &#8211; 09.45 Uhr<\/p><p style=\"font-size: 14.591998px; font-style: normal;\">Donnerstag:\u00a0<span style=\"font-size: 14.591998px; color: var( --e-global-color-text ); font-family: var( --e-global-typography-text-font-family ), Sans-serif; background-color: var(--ast-global-color-5);\">09.25 Uhr &#8211; 09.45 Uhr<\/span><\/p>\t\t\t\t\t\t\t\t<\/div>\n\t\t\t\t<\/div>\n\t\t\t\t\t<\/div>\n\t\t<\/div>\n\t\t\t\t<div class=\"elementor-column elementor-col-33 elementor-top-column elementor-element elementor-element-9f11f96\" data-id=\"9f11f96\" data-element_type=\"column\" data-e-type=\"column\">\n\t\t\t<div class=\"elementor-widget-wrap elementor-element-populated\">\n\t\t\t\t\t\t<div class=\"elementor-element elementor-element-a47ffb7 elementor-widget elementor-widget-image\" data-id=\"a47ffb7\" data-element_type=\"widget\" data-e-type=\"widget\" data-widget_type=\"image.default\">\n\t\t\t\t<div class=\"elementor-widget-container\">\n\t\t\t\t\t\t\t\t\t\t\t\t\t\t\t<img decoding=\"async\" width=\"1024\" height=\"352\" src=\"https:\/\/www.grundschule-bhs.de\/wp-content\/uploads\/2023\/06\/Grundschule-Schlatt-scaled-e1690534014757-1024x352.jpg\" class=\"attachment-large size-large wp-image-597\" alt=\"\" srcset=\"https:\/\/www.grundschule-bhs.de\/wp-content\/uploads\/2023\/06\/Grundschule-Schlatt-scaled-e1690534014757-1024x352.jpg 1024w, https:\/\/www.grundschule-bhs.de\/wp-content\/uploads\/2023\/06\/Grundschule-Schlatt-scaled-e1690534014757-300x103.jpg 300w, https:\/\/www.grundschule-bhs.de\/wp-content\/uploads\/2023\/06\/Grundschule-Schlatt-scaled-e1690534014757-768x264.jpg 768w, https:\/\/www.grundschule-bhs.de\/wp-content\/uploads\/2023\/06\/Grundschule-Schlatt-scaled-e1690534014757.jpg 1203w\" sizes=\"(max-width: 1024px) 100vw, 1024px\" \/>\t\t\t\t\t\t\t\t\t\t\t\t\t\t\t<\/div>\n\t\t\t\t<\/div>\n\t\t\t\t<div class=\"elementor-element elementor-element-e1d0f6a elementor-widget elementor-widget-text-editor\" data-id=\"e1d0f6a\" data-element_type=\"widget\" data-e-type=\"widget\" data-widget_type=\"text-editor.default\">\n\t\t\t\t<div class=\"elementor-widget-container\">\n\t\t\t\t\t\t\t\t\t<p style=\"font-size: 14.591998px; font-style: normal;\">Die Schulb\u00fccherei in Schlatt ist an folgenden Tagen ge\u00f6ffnet:<\/p>\t\t\t\t\t\t\t\t<\/div>\n\t\t\t\t<\/div>\n\t\t\t\t\t<\/div>\n\t\t<\/div>\n\t\t\t\t\t<\/div>\n\t\t<\/section>\n\t\t\t\t<\/div>\n\t\t","protected":false},"excerpt":{"rendered":"<p>Schulb\u00fccherei Die Schulb\u00fccherei in Biengen ist an folgenden Tagen ge\u00f6ffnet: Montag: 15.30 Uhr &#8211; 17 Uhr Die Schulb\u00fccherei in Hausen ist an folgenden Tagen ge\u00f6ffnet: Montag: 09.25 Uhr &#8211; 09.45 [&hellip;]<\/p>\n","protected":false},"author":6,"featured_media":0,"parent":0,"menu_order":0,"comment_status":"closed","ping_status":"closed","template":"","meta":{"site-sidebar-layout":"no-sidebar","site-content-layout":"page-builder","ast-site-content-layout":"default","site-content-style":"default","site-sidebar-style":"default","ast-global-header-display":"","ast-banner-title-visibility":"","ast-main-header-display":"","ast-hfb-above-header-display":"","ast-hfb-below-header-display":"","ast-hfb-mobile-header-display":"","site-post-title":"disabled","ast-breadcrumbs-content":"","ast-featured-img":"disabled","footer-sml-layout":"","ast-disable-related-posts":"","theme-transparent-header-meta":"","adv-header-id-meta":"","stick-header-meta":"","header-above-stick-meta":"","header-main-stick-meta":"","header-below-stick-meta":"","astra-migrate-meta-layouts":"default","ast-page-background-enabled":"default","ast-page-background-meta":{"desktop":{"background-color":"var(--ast-global-color-4)","background-image":"","background-repeat":"repeat","background-position":"center center","background-size":"auto","background-attachment":"scroll","background-type":"","background-media":"","overlay-type":"","overlay-color":"","overlay-opacity":"","overlay-gradient":""},"tablet":{"background-color":"","background-image":"","background-repeat":"repeat","background-position":"center center","background-size":"auto","background-attachment":"scroll","background-type":"","background-media":"","overlay-type":"","overlay-color":"","overlay-opacity":"","overlay-gradient":""},"mobile":{"background-color":"","background-image":"","background-repeat":"repeat","background-position":"center center","background-size":"auto","background-attachment":"scroll","background-type":"","background-media":"","overlay-type":"","overlay-color":"","overlay-opacity":"","overlay-gradient":""}},"ast-content-background-meta":{"desktop":{"background-color":"var(--ast-global-color-5)","background-image":"","background-repeat":"repeat","background-position":"center center","background-size":"auto","background-attachment":"scroll","background-type":"","background-media":"","overlay-type":"","overlay-color":"","overlay-opacity":"","overlay-gradient":""},"tablet":{"background-color":"var(--ast-global-color-5)","background-image":"","background-repeat":"repeat","background-position":"center center","background-size":"auto","background-attachment":"scroll","background-type":"","background-media":"","overlay-type":"","overlay-color":"","overlay-opacity":"","overlay-gradient":""},"mobile":{"background-color":"var(--ast-global-color-5)","background-image":"","background-repeat":"repeat","background-position":"center center","background-size":"auto","background-attachment":"scroll","background-type":"","background-media":"","overlay-type":"","overlay-color":"","overlay-opacity":"","overlay-gradient":""}},"footnotes":""},"class_list":["post-728","page","type-page","status-publish","hentry"],"_links":{"self":[{"href":"https:\/\/www.grundschule-bhs.de\/index.php?rest_route=\/wp\/v2\/pages\/728","targetHints":{"allow":["GET"]}}],"collection":[{"href":"https:\/\/www.grundschule-bhs.de\/index.php?rest_route=\/wp\/v2\/pages"}],"about":[{"href":"https:\/\/www.grundschule-bhs.de\/index.php?rest_route=\/wp\/v2\/types\/page"}],"author":[{"embeddable":true,"href":"https:\/\/www.grundschule-bhs.de\/index.php?rest_route=\/wp\/v2\/users\/6"}],"replies":[{"embeddable":true,"href":"https:\/\/www.grundschule-bhs.de\/index.php?rest_route=%2Fwp%2Fv2%2Fcomments&post=728"}],"version-history":[{"count":25,"href":"https:\/\/www.grundschule-bhs.de\/index.php?rest_route=\/wp\/v2\/pages\/728\/revisions"}],"predecessor-version":[{"id":1287,"href":"https:\/\/www.grundschule-bhs.de\/index.php?rest_route=\/wp\/v2\/pages\/728\/revisions\/1287"}],"wp:attachment":[{"href":"https:\/\/www.grundschule-bhs.de\/index.php?rest_route=%2Fwp%2Fv2%2Fmedia&parent=728"}],"curies":[{"name":"wp","href":"https:\/\/api.w.org\/{rel}","templated":true}]}}